{"id":986,"date":"2016-12-06T11:48:36","date_gmt":"2016-12-06T11:48:36","guid":{"rendered":"https:\/\/www.schafferholz.com\/produkte\/"},"modified":"2017-05-12T11:22:58","modified_gmt":"2017-05-12T11:22:58","slug":"prodotti","status":"publish","type":"page","link":"https:\/\/www.schafferholz.com\/it\/prodotti\/","title":{"rendered":"Prodotti"},"content":{"rendered":"<p>[vc_row css_animation=&#8221;&#8221; row_type=&#8221;row&#8221; use_row_as_full_screen_section=&#8221;no&#8221; type=&#8221;grid&#8221; angled_section=&#8221;no&#8221; text_align=&#8221;left&#8221; background_image=&#8221;764&#8243; background_image_as_pattern=&#8221;without_pattern&#8221;][vc_column][vc_row_inner row_type=&#8221;row&#8221; type=&#8221;grid&#8221; text_align=&#8221;left&#8221; css_animation=&#8221;&#8221;][vc_column_inner][vc_empty_space height=&#8221;320px&#8221;][vc_column_text el_class=&#8221;white title_full_width&#8221;]<\/p>\n<h2 style=\"text-align: center;\">Prodotti<\/h2>\n<p>[\/vc_column_text][vc_empty_space height=&#8221;75px&#8221;][\/vc_column_inner][\/vc_row_inner][\/vc_column][\/vc_row][vc_row css_animation=&#8221;&#8221; row_type=&#8221;row&#8221; use_row_as_full_screen_section=&#8221;no&#8221; type=&#8221;grid&#8221; angled_section=&#8221;no&#8221; text_align=&#8221;left&#8221; background_image_as_pattern=&#8221;without_pattern&#8221;][vc_column][vc_empty_space height=&#8221;60px&#8221;][vc_column_text]La ditta Schaffer Holz da pi\u00f9 di 30 anni opera nel settore del legno, e si \u00e8 specializzata nel taglio rigatino, sezioni grandi, sopratutto relativamente al Larice Austria. La nostra clientela \u00e8 rappresentata da Commercianti, industrie Legnami e grandi imprese di costruzione. Da sempre la Ditta Schaffer produce segati di qualit\u00e0 con cura e competenza, riservando un attenzione particolare all ambiente, che cerchiamo di preservare il pi\u00f9 possibile.[\/vc_column_text][vc_empty_space height=&#8221;24px&#8221;][vc_row_inner row_type=&#8221;row&#8221; type=&#8221;full_width&#8221; text_align=&#8221;left&#8221; css_animation=&#8221;&#8221;][vc_column_inner width=&#8221;1\/4&#8243;][\/vc_column_inner][vc_column_inner width=&#8221;2\/4&#8243; css=&#8221;.vc_custom_1481886216636{border: 2px solid #76030e !important;border-radius: 4px !important;}&#8221;][vc_column_text css=&#8221;.vc_custom_1494510632666{padding-bottom: 2px !important;}&#8221;]<\/p>\n<h5 style=\"text-align: center;\"><strong>Nessuna vendita al dettaglio!<\/strong><\/h5>\n<p>&nbsp;<\/p>\n<p style=\"text-align: center;\">Quantit\u00e0 minima:<\/p>\n<ul>\n<li style=\"text-align: center;\">di acquisto al ritiro: 1 pacco x dimensione,<\/li>\n<li style=\"text-align: center;\">di acquisto per fornitura: 1 autotreno<\/li>\n<\/ul>\n<p>[\/vc_column_text][vc_empty_space height=&#8221;18px&#8221;][\/vc_column_inner][vc_column_inner width=&#8221;1\/4&#8243;][\/vc_column_inner][\/vc_row_inner][vc_empty_space height=&#8221;100px&#8221;][\/vc_column][\/vc_row][vc_row css_animation=&#8221;&#8221; row_type=&#8221;row&#8221; use_row_as_full_screen_section=&#8221;no&#8221; type=&#8221;grid&#8221; angled_section=&#8221;no&#8221; text_align=&#8221;left&#8221; background_image_as_pattern=&#8221;without_pattern&#8221; row_negative_margin=&#8221;disable_negative_margin&#8221; el_id=&#8221;product&#8221;][vc_column][vc_column_text el_class=&#8221;product_text_column&#8221;]<div class=\"product_item\"><div class=\"product_content\"><img decoding=\"async\" src=\"https:\/\/www.schafferholz.com\/wp-content\/uploads\/2017\/01\/DSC_4276.jpg\" \/><h3 class=\"product_title\">Segati per falegnameria<\/h3><table class=\"product_table\"><tr class=\"product_description\"><td class=\"column left_column\">Essenze<\/td><td class=\"column right_column\">abete rosso, larice, abete bianco<\/td><\/tr><tr class=\"product_description\"><td class=\"column left_column\">Qualit\u00e0<\/td><td class=\"column right_column\">0\/I oppure 0\/II<\/td><\/tr><tr class=\"product_description\"><td class=\"column left_column\">Spessore<\/td><td class=\"column right_column\">Da 30 mm<\/td><\/tr><tr class=\"product_description\"><td class=\"column left_column\">Larghezza<\/td><td class=\"column right_column\">su richiesta del cliente<\/td><\/tr><tr class=\"product_description\"><td class=\"column left_column\">Lunghezza<\/td><td class=\"column right_column\">sopratutto 4 m<\/td><\/tr><tr class=\"product_description\"><td class=\"column left_column\">Umidit\u00e0 legno<\/td><td class=\"column right_column\">fresco o essicatto<\/td><\/tr><tr class=\"product_description\"><td class=\"column left_column\">Esecuzione<\/td><td class=\"column right_column\">refilato o in boules<\/td><\/tr><tr class=\"product_description\"><td class=\"column left_column\">Utilizzo<\/td><td class=\"column right_column\">prodotti di falegnameria, cornici, decori, porte e finestre<\/td><\/tr><\/table><\/div><\/div><div class=\"product_item\"><div class=\"product_content\"><img decoding=\"async\" src=\"https:\/\/www.schafferholz.com\/wp-content\/uploads\/2017\/01\/DSC_4268.jpg\" \/><h3 class=\"product_title\">Lamelle rigatino<\/h3><table class=\"product_table\"><tr class=\"product_description\"><td class=\"column left_column\">Essenze<\/td><td class=\"column right_column\">abete rosso, larice, abete bianco<\/td><\/tr><tr class=\"product_description\"><td class=\"column left_column\">Qualit\u00e0<\/td><td class=\"column right_column\">A, AB, ABC, BC, D<\/td><\/tr><tr class=\"product_description\"><td class=\"column left_column\">Spessore<\/td><td class=\"column right_column\">da 18 a 95 mm<\/td><\/tr><tr class=\"product_description\"><td class=\"column left_column\">Larghezza<\/td><td class=\"column right_column\">da 48 a 150 mm<\/td><\/tr><tr class=\"product_description\"><td class=\"column left_column\">Lunghezza<\/td><td class=\"column right_column\">sopratutto 4 m<\/td><\/tr><tr class=\"product_description\"><td class=\"column left_column\">Umidit\u00e0 legno<\/td><td class=\"column right_column\">fresco o essicatto<\/td><\/tr><tr class=\"product_description\"><td class=\"column left_column\">Esecuzione<\/td><td class=\"column right_column\">rigatino o semi rigatno, profili non lavorato<\/td><\/tr><tr class=\"product_description\"><td class=\"column left_column\">Utilizzo<\/td><td class=\"column right_column\">profili per finestre, profili per porte, frontali e decori per mobili in legno massello, profili di rivestimento, cornici e listelli per finestre e mobili<\/td><\/tr><\/table><\/div><\/div><div class=\"product_item\"><div class=\"product_content\"><img decoding=\"async\" src=\"https:\/\/www.schafferholz.com\/wp-content\/uploads\/2017\/01\/DSC_4399.jpg\" \/><h3 class=\"product_title\">Legno da risonanza<\/h3><table class=\"product_table\"><tr class=\"product_description\"><td class=\"column left_column\">Essenze<\/td><td class=\"column right_column\">abete rosso<\/td><\/tr><tr class=\"product_description\"><td class=\"column left_column\">Qualit\u00e0<\/td><td class=\"column right_column\">assortimento esclusivo: senza nodi, fibra fine<\/td><\/tr><tr class=\"product_description\"><td class=\"column left_column\">Spessore<\/td><td class=\"column right_column\">Da 18 mm - su richiesta del cliente<\/td><\/tr><tr class=\"product_description\"><td class=\"column left_column\">Larghezza<\/td><td class=\"column right_column\">Da 150 mm<\/td><\/tr><tr class=\"product_description\"><td class=\"column left_column\">Lunghezza<\/td><td class=\"column right_column\">4 m<\/td><\/tr><tr class=\"product_description\"><td class=\"column left_column\">Umidit\u00e0 legno<\/td><td class=\"column right_column\">fresco o essiccatto<\/td><\/tr><tr class=\"product_description\"><td class=\"column left_column\">Utilizzo<\/td><td class=\"column right_column\">tavole armoniche per pianoforti a coda e verticali, strumenti ad arco<\/td><\/tr><\/table><\/div><\/div><div class=\"product_item\"><div class=\"product_content\"><img decoding=\"async\" src=\"https:\/\/www.schafferholz.com\/wp-content\/uploads\/2017\/01\/DSC_4231-1.jpg\" \/><h3 class=\"product_title\">Articoli da costruzione, travetti, listelli<\/h3><table class=\"product_table\"><tr class=\"product_description\"><td class=\"column left_column\">Essenze<\/td><td class=\"column right_column\">abete rosso, larice, abete bianco<\/td><\/tr><tr class=\"product_description\"><td class=\"column left_column\">Qualit\u00e0<\/td><td class=\"column right_column\">B, BC, piallabile in larice anche I\/IV o altri assortimenti<\/td><\/tr><tr class=\"product_description\"><td class=\"column left_column\">Spessore<\/td><td class=\"column right_column\">da 38 a 350 mm<\/td><\/tr><tr class=\"product_description\"><td class=\"column left_column\">Larghezza<\/td><td class=\"column right_column\">da 38 a 350 mm<\/td><\/tr><tr class=\"product_description\"><td class=\"column left_column\">Lunghezza<\/td><td class=\"column right_column\">principalmente 4 m (anche 3 o 5 m)<\/td><\/tr><tr class=\"product_description\"><td class=\"column left_column\">Umidit\u00e0 legno<\/td><td class=\"column right_column\">fresco o essiccatto<\/td><\/tr><tr class=\"product_description\"><td class=\"column left_column\">Utilizzo<\/td><td class=\"column right_column\">casseformi, listelli per tetto, costruzioni in legno per ponti ed edilizia<\/td><\/tr><\/table><\/div><\/div><div class=\"product_item\"><div class=\"product_content\"><img decoding=\"async\" src=\"https:\/\/www.schafferholz.com\/wp-content\/uploads\/2017\/01\/Schaff151.jpg\" \/><h3 class=\"product_title\">Segati di larice<\/h3><table class=\"product_table\"><tr class=\"product_description\"><td class=\"column left_column\">Essenze<\/td><td class=\"column right_column\">Larice austriaco<\/td><\/tr><tr class=\"product_description\"><td class=\"column left_column\">Qualit\u00e0<\/td><td class=\"column right_column\">Nodi sani<\/td><\/tr><tr class=\"product_description\"><td class=\"column left_column\">Spessore<\/td><td class=\"column right_column\">23\/28\/38\/48 fino a 58 mm<\/td><\/tr><tr class=\"product_description\"><td class=\"column left_column\">Larghezza<\/td><td class=\"column right_column\">100 fino a 260 mm<\/td><\/tr><tr class=\"product_description\"><td class=\"column left_column\">Lunghezza<\/td><td class=\"column right_column\">Principalmente 4 m<\/td><\/tr><tr class=\"product_description\"><td class=\"column left_column\">Umidit\u00e0 legno<\/td><td class=\"column right_column\">Fresco oppure essiccato<\/td><\/tr><tr class=\"product_description\"><td class=\"column left_column\">Utilizzo<\/td><td class=\"column right_column\">Materiale grezzo per pavimento della terrazza, rivestimenti murali, carpenteria <\/td><\/tr><\/table><\/div><\/div><div class=\"product_item\"><div class=\"product_content\"><img decoding=\"async\" src=\"https:\/\/www.schafferholz.com\/wp-content\/uploads\/2017\/01\/DSC_4559.jpg\" \/><h3 class=\"product_title\">Segati per la produzione di lamellari<\/h3><table class=\"product_table\"><tr class=\"product_description\"><td class=\"column left_column\">Essenze<\/td><td class=\"column right_column\">abete rosso, larice<\/td><\/tr><tr class=\"product_description\"><td class=\"column left_column\">Qualit\u00e0<\/td><td class=\"column right_column\">in larice: LH: piallabile I\/IV, senza alburno su un lato, seconda faccia alburno max. 1 cm LA: senza alburno su un lato, seconda faccia alburno max. 1 cm LBI: scarso alburno su un lato, seconda faccia alburno sano in abete rosso:  LB: qualit\u00e0 a vista LBI: non qualit\u00e0 a vista con blu occasionale<\/td><\/tr><tr class=\"product_description\"><td class=\"column left_column\">Dimensioni sempre disponibili<\/td><td class=\"column right_column\">Larice: spessore: 38 mm larghezza: 80\/95\/115\/125\/135\/155\/175\/195\/215\/235\/255 mm Abete rosso: spessore: 38\/45\/46\/50 mm larghezza: 160\/175\/195\/200\/215\/225\/247 mm<\/td><\/tr><tr class=\"product_description\"><td class=\"column left_column\">Lunghezza<\/td><td class=\"column right_column\">4 m<\/td><\/tr><tr class=\"product_description\"><td class=\"column left_column\">Umidit\u00e0 legno<\/td><td class=\"column right_column\">Fresco, essicato KD 11+\/-2%<\/td><\/tr><tr class=\"product_description\"><td class=\"column left_column\">Utilizzo<\/td><td class=\"column right_column\">tavole a strati e tavole di compensato, prodotti in lamellare doppio \/ triplo, realizzazione di immobili<\/td><\/tr><\/table><\/div><\/div><div class=\"product_item\"><div class=\"product_content\"><img decoding=\"async\" src=\"https:\/\/www.schafferholz.com\/wp-content\/uploads\/2017\/01\/DSC_4333.jpg\" \/><h3 class=\"product_title\">Segato per imballaggio<\/h3><table class=\"product_table\"><tr class=\"product_description\"><td class=\"column left_column\">Essenze<\/td><td class=\"column right_column\">abete rosso \/ larice<\/td><\/tr><tr class=\"product_description\"><td class=\"column left_column\">Qualit\u00e0<\/td><td class=\"column right_column\">Fresco oppure certificazione ISPM (ISPM n. 15) AT-ST8018, spigolo vivo<\/td><\/tr><tr class=\"product_description\"><td class=\"column left_column\">Spessore<\/td><td class=\"column right_column\">da 21 a 400 mm<\/td><\/tr><tr class=\"product_description\"><td class=\"column left_column\">Larghezza<\/td><td class=\"column right_column\">da 60 a 400 mm<\/td><\/tr><tr class=\"product_description\"><td class=\"column left_column\">Lunghezza<\/td><td class=\"column right_column\">principalmente 4 m<\/td><\/tr><tr class=\"product_description\"><td class=\"column left_column\">Umidit\u00e0 legno<\/td><td class=\"column right_column\">fresco o essiccatto<\/td><\/tr><tr class=\"product_description\"><td class=\"column left_column\">Utilizzo<\/td><td class=\"column right_column\">casse, pallet, quadrotti per pallet, casse di grandi dimensioni, imballaggi industriali<\/td><\/tr><\/table><\/div><\/div><div class=\"product_item\"><div class=\"product_content\"><img decoding=\"async\" src=\"https:\/\/www.schafferholz.com\/wp-content\/uploads\/2017\/01\/IMG_3172.jpg\" \/><h3 class=\"product_title\">Pannelli da falegnameria<\/h3><table class=\"product_table\"><tr class=\"product_description\"><td class=\"column left_column\">Essenze<\/td><td class=\"column right_column\">Fichte, L\u00e4rche<\/td><\/tr><tr class=\"product_description\"><td class=\"column left_column\">Qualit\u00e0<\/td><td class=\"column right_column\">fehlerfrei (ohne \u00c4ste und Harzgallen), keilgezinkt<\/td><\/tr><tr class=\"product_description\"><td class=\"column left_column\">Spessore<\/td><td class=\"column right_column\">20, 30, 40, 50, 60 mm<\/td><\/tr><tr class=\"product_description\"><td class=\"column left_column\">Larghezza<\/td><td class=\"column right_column\">340, 600, 1210 mm<\/td><\/tr><tr class=\"product_description\"><td class=\"column left_column\">Lunghezza<\/td><td class=\"column right_column\">3000 bis 5000 mm<\/td><\/tr><tr class=\"product_description\"><td class=\"column left_column\">Umidit\u00e0 legno<\/td><td class=\"column right_column\">fresco o essiccatto<\/td><\/tr><tr class=\"product_description\"><td class=\"column left_column\">Utilizzo<\/td><td class=\"column right_column\">mobili e arredamenti per interni creativi come pure per spazi esterni non costantemente esposti alle intemperie (fianchi e gradini di scale, davanzali, piani da cucina, piani da tavolo, frontali per mobili)<\/td><\/tr><\/table><\/div><\/div>[\/vc_column_text][\/vc_column][\/vc_row]<\/p>\n","protected":false},"excerpt":{"rendered":"<p>[vc_row css_animation=&#8221;&#8221; row_type=&#8221;row&#8221; use_row_as_full_screen_section=&#8221;no&#8221; type=&#8221;grid&#8221; angled_section=&#8221;no&#8221; text_align=&#8221;left&#8221; background_image=&#8221;764&#8243; background_image_as_pattern=&#8221;without_pattern&#8221;][vc_column][vc_row_inner row_type=&#8221;row&#8221; type=&#8221;grid&#8221; text_align=&#8221;left&#8221; css_animation=&#8221;&#8221;][vc_column_inner][vc_empty_space height=&#8221;320px&#8221;][vc_column_text el_class=&#8221;white title_full_width&#8221;] Prodotti [\/vc_column_text][vc_empty_space height=&#8221;75px&#8221;][\/vc_column_inner][\/vc_row_inner][\/vc_column][\/vc_row][vc_row css_animation=&#8221;&#8221; row_type=&#8221;row&#8221; use_row_as_full_screen_section=&#8221;no&#8221; type=&#8221;grid&#8221; angled_section=&#8221;no&#8221; text_align=&#8221;left&#8221; background_image_as_pattern=&#8221;without_pattern&#8221;][vc_column][vc_empty_space height=&#8221;60px&#8221;][vc_column_text]La ditta Schaffer Holz da pi\u00f9 di 30 anni opera nel settore del legno, e si \u00e8 specializzata nel&#8230;<\/p>\n","protected":false},"author":3,"featured_media":0,"parent":0,"menu_order":0,"comment_status":"closed","ping_status":"closed","template":"","meta":{"footnotes":""},"class_list":["post-986","page","type-page","status-publish","hentry"],"_links":{"self":[{"href":"https:\/\/www.schafferholz.com\/it\/wp-json\/wp\/v2\/pages\/986","targetHints":{"allow":["GET"]}}],"collection":[{"href":"https:\/\/www.schafferholz.com\/it\/wp-json\/wp\/v2\/pages"}],"about":[{"href":"https:\/\/www.schafferholz.com\/it\/wp-json\/wp\/v2\/types\/page"}],"author":[{"embeddable":true,"href":"https:\/\/www.schafferholz.com\/it\/wp-json\/wp\/v2\/users\/3"}],"replies":[{"embeddable":true,"href":"https:\/\/www.schafferholz.com\/it\/wp-json\/wp\/v2\/comments?post=986"}],"version-history":[{"count":3,"href":"https:\/\/www.schafferholz.com\/it\/wp-json\/wp\/v2\/pages\/986\/revisions"}],"predecessor-version":[{"id":1160,"href":"https:\/\/www.schafferholz.com\/it\/wp-json\/wp\/v2\/pages\/986\/revisions\/1160"}],"wp:attachment":[{"href":"https:\/\/www.schafferholz.com\/it\/wp-json\/wp\/v2\/media?parent=986"}],"curies":[{"name":"wp","href":"https:\/\/api.w.org\/{rel}","templated":true}]}}