{"id":1025,"date":"2016-09-30T08:26:34","date_gmt":"2016-09-30T08:26:34","guid":{"rendered":"https:\/\/www.schafferholz.com\/unternehmen\/"},"modified":"2019-10-16T11:00:40","modified_gmt":"2019-10-16T11:00:40","slug":"societa","status":"publish","type":"page","link":"https:\/\/www.schafferholz.com\/it\/societa\/","title":{"rendered":"Societ\u00e0"},"content":{"rendered":"<p>[vc_row css_animation=&#8221;&#8221; row_type=&#8221;row&#8221; use_row_as_full_screen_section=&#8221;no&#8221; type=&#8221;grid&#8221; anchor=&#8221;chi_siamo&#8221; angled_section=&#8221;no&#8221; text_align=&#8221;left&#8221; background_image=&#8221;726&#8243; background_image_as_pattern=&#8221;without_pattern&#8221;][vc_column][vc_row_inner row_type=&#8221;row&#8221; type=&#8221;grid&#8221; text_align=&#8221;left&#8221; css_animation=&#8221;&#8221;][vc_column_inner][vc_empty_space height=&#8221;320px&#8221;][vc_column_text el_class=&#8221;white title_full_width&#8221;]<\/p>\n<h2 style=\"text-align: center;\">Chi siamo<\/h2>\n<h1><\/h1>\n<p>[\/vc_column_text][vc_empty_space height=&#8221;75px&#8221;][\/vc_column_inner][\/vc_row_inner][\/vc_column][\/vc_row][vc_row css_animation=&#8221;&#8221; row_type=&#8221;row&#8221; use_row_as_full_screen_section=&#8221;no&#8221; type=&#8221;grid&#8221; angled_section=&#8221;no&#8221; text_align=&#8221;left&#8221; background_image_as_pattern=&#8221;without_pattern&#8221;][vc_column][vc_empty_space height=&#8221;60px&#8221;][vc_column_text]In qualit\u00e0 di leader del mercato nel settore del legno lamellare per infissi dell\u2019Europa centrale, nel nostro stabilimento in Stiria lavoriamo solo legno massello della migliore qualit\u00e0. La nostra \u00e8 una delle maggiori aziende al mondo nel campo della lavorazione e della distribuzione del pregiato larice austriaco.<\/p>\n<p>Noi impegniamo 60 dipendenti e forniamo alle aziende di lavorazione di legno in Austria e all\u2019estero.<br \/>\nLa capacit\u00e0 mediale importa circa 100.000 fm.<br \/>\nNs. segheria .\u00e8 di propriet\u00e0 di un gatter, impianto di sega a nastro, impianti di impacchettare e essiccatoii.[\/vc_column_text][vc_empty_space height=&#8221;60px&#8221;][\/vc_column][\/vc_row][vc_row css_animation=&#8221;&#8221; row_type=&#8221;row&#8221; use_row_as_full_screen_section=&#8221;no&#8221; type=&#8221;grid&#8221; anchor=&#8221;core_business_segheria&#8221; angled_section=&#8221;no&#8221; text_align=&#8221;left&#8221; background_image=&#8221;723&#8243; background_image_as_pattern=&#8221;without_pattern&#8221;][vc_column][vc_row_inner row_type=&#8221;row&#8221; type=&#8221;grid&#8221; text_align=&#8221;left&#8221; css_animation=&#8221;&#8221;][vc_column_inner][vc_empty_space height=&#8221;320px&#8221;][vc_column_text el_class=&#8221;white title_full_width&#8221;]<\/p>\n<h2 style=\"text-align: center;\">Core business segherie<\/h2>\n<p>[\/vc_column_text][vc_empty_space height=&#8221;75px&#8221;][\/vc_column_inner][\/vc_row_inner][\/vc_column][\/vc_row][vc_row css_animation=&#8221;&#8221; row_type=&#8221;row&#8221; use_row_as_full_screen_section=&#8221;no&#8221; type=&#8221;grid&#8221; angled_section=&#8221;no&#8221; text_align=&#8221;left&#8221; background_image_as_pattern=&#8221;without_pattern&#8221;][vc_column][vc_empty_space height=&#8221;60px&#8221;][vc_row_inner row_type=&#8221;row&#8221; type=&#8221;full_width&#8221; text_align=&#8221;left&#8221; css_animation=&#8221;&#8221;][vc_column_inner][vc_text_separator title=&#8221;Legno massello&#8221; title_align=&#8221;separator_align_left&#8221; border=&#8221;no&#8221;][vc_empty_space height=&#8221;60px&#8221;][vc_column_text]Il legno massello della Stiria \u00e8 considerato tra i migliori che il mercato internazionale del legno possa offrire. Questo legno, abbattuto prevalentemente nel periodo invernale, matura nelle zone montagnose dell\u2019Alta Stiria; a causa delle estreme condizioni ambientali cresce lentamente e presenta una struttura particolarmente fine dovuta ad una sana crescita in una natura incontaminata.[\/vc_column_text][vc_empty_space height=&#8221;16px&#8221;][vc_column_text]Come segheria di legno massiccio la ditta Schaffer Holz si fece rapidamente un nome nella seconda met\u00e0 del secolo scorso. L\u2019estrema precisione e al tempo stesso la tecnologia flessibile delle seghe a nastro permetteva di tagliare tronchi di dimensioni fino a 120 cm di diametro in veri e propri &#8220;Filetti&#8221;.[\/vc_column_text][vc_empty_space height=&#8221;60px&#8221;][vc_text_separator title=&#8221;Taglio a venatura verticale &#8221; title_align=&#8221;separator_align_left&#8221; border=&#8221;no&#8221;][vc_empty_space height=&#8221;60px&#8221;][vc_column_text]Con questo termine si designa un taglio radiale in cui gli anelli annuali risultano perpendicolari all\u2019ampiezza della tavola. Con questo taglio si migliora la stabilit\u00e0 dimensionale del legno e si evita la stortura di sezioni del legno.[\/vc_column_text][vc_empty_space height=&#8221;16px&#8221;][vc_column_text]La ditta Schaffer Holz \u00e8 specializzata nel taglio di tronchi con diametro alla cima di 50 cm per l\u2019abete rosso e di 36 cm per il larice. Da questi tronchi \u00e8 possibile ottenere una elevata percentuale di prodotti senza durame con anelli annuali ritti, i quali si rompono, lavorano e si ritirano appena. Oltre a ci\u00f2 si distinguono per una elevata resistenza.[\/vc_column_text][vc_empty_space height=&#8221;60px&#8221;][vc_text_separator title=&#8221;Larice austriaco&#8221; title_align=&#8221;separator_align_left&#8221; border=&#8221;no&#8221;][vc_empty_space height=&#8221;60px&#8221;][vc_column_text]Il legno di larice \u00e8 particolarmente resistente e presenta buone caratteristiche di durata, per questo \u00e8 particolarmente adatto per utilizzi esterni. Il legno lamellato-incollato di larice trova applicazione ad esempio nelle costruzioni di ponti.[\/vc_column_text][vc_empty_space height=&#8221;16px&#8221;][vc_column_text]La ditta Schaffer Holz \u00e8 tra i principali distributori e produttori austriaci di prodotti in larice austriaco. Viene tagliato esclusivamente legno massello di larice a fibre fine proveniente dalle montagne della Stiria. Noi esportiamo il legno di larice in Italia, Germania, Svizzera, Olanda, Francia, Slovenia, Spagna oltre che in Austria, dove questo prodotto \u00e8 molto apprezzato.[\/vc_column_text][vc_empty_space][\/vc_column_inner][\/vc_row_inner][\/vc_column][\/vc_row][vc_row css_animation=&#8221;&#8221; row_type=&#8221;row&#8221; use_row_as_full_screen_section=&#8221;no&#8221; type=&#8221;grid&#8221; anchor=&#8221;lavorare_alla_schaffer_holz&#8221; angled_section=&#8221;no&#8221; text_align=&#8221;left&#8221; background_image=&#8221;724&#8243; background_image_as_pattern=&#8221;without_pattern&#8221;][vc_column][vc_row_inner row_type=&#8221;row&#8221; type=&#8221;grid&#8221; text_align=&#8221;left&#8221; css_animation=&#8221;&#8221;][vc_column_inner][vc_empty_space height=&#8221;320px&#8221;][vc_column_text el_class=&#8221;white title_full_width&#8221;]<\/p>\n<h2 style=\"text-align: center;\">Lavorare alla Schaffer Holz<\/h2>\n<p>[\/vc_column_text][vc_empty_space height=&#8221;75px&#8221;][\/vc_column_inner][\/vc_row_inner][\/vc_column][\/vc_row][vc_row css_animation=&#8221;&#8221; row_type=&#8221;row&#8221; use_row_as_full_screen_section=&#8221;no&#8221; type=&#8221;grid&#8221; angled_section=&#8221;no&#8221; text_align=&#8221;left&#8221; background_image_as_pattern=&#8221;without_pattern&#8221;][vc_column][vc_empty_space height=&#8221;60px&#8221;][vc_column_text]Se il legno \u00e8 il Suo Settore di lavoro, e se condivide i valori tradizionali di un&#8217;azienda familiare che ama lavorare in Team, la invitiamo a mandarci l&#8217;applicazione e il Suo Curriculum Vitae a:[\/vc_column_text][vc_empty_space height=&#8221;60px&#8221;][vc_row_inner row_type=&#8221;row&#8221; type=&#8221;full_width&#8221; text_align=&#8221;left&#8221; css_animation=&#8221;&#8221;][vc_column_inner width=&#8221;1\/2&#8243;][vc_column_text]FRAU HEIDI STURMER<\/p>\n<p><a href=\"mailto:heidi.sturmer@schafferholz.com\">heidi.sturmer@schafferholz.com<\/a><\/p>\n<p>[\/vc_column_text][\/vc_column_inner]<\/p>\n<p>[vc_empty_space height=&#8221;60px&#8221;][vc_row_inner row_type=&#8221;row&#8221; type=&#8221;full_width&#8221; text_align=&#8221;left&#8221; css_animation=&#8221;&#8221;][vc_column_inner width=&#8221;1\/2&#8243;][vc_column_text]HERR DI (FH) LAMBERT SATTLER<\/p>\n<p><a href=\"mailto:lambert.sattler@schafferholz.com\">lambert.sattler@schafferholz.com<\/a>[\/vc_column_text][\/vc_column_inner]<\/p>\n<p>[vc_column_inner width=&#8221;1\/2&#8243;][\/vc_column_inner][\/vc_row_inner][vc_empty_space height=&#8221;60px&#8221;][vc_row_inner row_type=&#8221;row&#8221; type=&#8221;full_width&#8221; text_align=&#8221;center&#8221; background_color=&#8221;#eaeaea&#8221; css_animation=&#8221;&#8221;][vc_column_inner width=&#8221;1\/2&#8243;][vc_empty_space height=&#8221;60px&#8221;][vc_column_text]<span style=\"color: #000000;\">Du hast Interesse an einer Lehre als HolztechnikerIn?<\/span>[\/vc_column_text][\/vc_column_inner][vc_column_inner width=&#8221;1\/2&#8243;][vc_empty_space height=&#8221;40px&#8221;]\r\n\r\n\t<a href=\"https:\/\/www.schafferholz.com\/wp-content\/uploads\/2019\/10\/Karriere-mit-Lehre.pdf\" target=\"_blank\" style=\"color: #ffffff;background-color: #76030e;font-size: 16px;font-weight: 400\" class=\"qode-btn qode-btn-medium qode-btn-solid qode-btn-custom-hover-bg qode-btn-custom-hover-color qode-btn-icon qode-btn-default-hover\" data-hover-bg-color=\"#b7b7b7\" data-hover-color=\"#ffffff\" >\r\n\t    <span class=\"qode-btn-text\">Karriere mit Lehre<\/span><span class=\"qode-button-v2-icon-holder\" style=\"border-color: #76030e\" data-hover-icon-border-color=\"#b7b7b7\"><i class=\"qode_icon_font_awesome fa fa-file-pdf-o qode-button-v2-icon-holder-inner\" ><\/i><\/span>\t<\/a>\r\n\r\n[vc_empty_space height=&#8221;40px&#8221;][\/vc_column_inner][\/vc_row_inner][vc_empty_space height=&#8221;60px&#8221;][\/vc_column][\/vc_row][vc_row css_animation=&#8221;&#8221; row_type=&#8221;row&#8221; use_row_as_full_screen_section=&#8221;no&#8221; type=&#8221;grid&#8221; anchor=&#8221;storia&#8221; angled_section=&#8221;no&#8221; text_align=&#8221;left&#8221; background_image=&#8221;742&#8243; background_image_as_pattern=&#8221;without_pattern&#8221;][vc_column][vc_row_inner row_type=&#8221;row&#8221; type=&#8221;grid&#8221; text_align=&#8221;left&#8221; css_animation=&#8221;&#8221;][vc_column_inner][vc_empty_space height=&#8221;320px&#8221;][vc_column_text el_class=&#8221;white title_full_width&#8221;]<\/p>\n<h2 style=\"text-align: center;\">Storia<\/h2>\n<p>[\/vc_column_text][vc_empty_space height=&#8221;75px&#8221;][\/vc_column_inner][\/vc_row_inner][\/vc_column][\/vc_row][vc_row css_animation=&#8221;&#8221; row_type=&#8221;row&#8221; use_row_as_full_screen_section=&#8221;no&#8221; type=&#8221;grid&#8221; angled_section=&#8221;no&#8221; text_align=&#8221;left&#8221; background_image_as_pattern=&#8221;without_pattern&#8221;][vc_column][vc_empty_space height=&#8221;60px&#8221;][vc_row_inner row_type=&#8221;row&#8221; type=&#8221;full_width&#8221; text_align=&#8221;left&#8221; css_animation=&#8221;&#8221;][vc_column_inner][vc_text_separator title=&#8221;1914&#8243; title_align=&#8221;separator_align_left&#8221; border=&#8221;no&#8221;][vc_empty_space height=&#8221;60px&#8221;][vc_column_text]<strong>Nel 1914<\/strong> l\u2019oste Franz Schaffer inizi\u00f2 a gestire la sua segheria vicino al torrente Granitzen sotto le rovine del castello di Eppenstein. In modo modesto, circa 2000 metri cubi di legno all\u2019anno, su un terreno in affitto. Tre anni dopo, nel 1917, Schaffer acquist\u00f2 il terreno e diresse l\u2019azienda attraversando le due guerre mondiali e le diverse crisi economiche. [\/vc_column_text][vc_empty_space height=&#8221;60px&#8221;][vc_text_separator title=&#8221;1950&#8243; title_align=&#8221;separator_align_left&#8221; border=&#8221;no&#8221;][vc_empty_space height=&#8221;60px&#8221;][vc_column_text]<strong>Nel 1950<\/strong> il figlio Gotthard rilev\u00f2 l\u2019attivit\u00e0 sfruttando il periodo della ricostruzione per ampliarsi. Negli anni settanta l\u2019azienda occupava 18 persone, oltre a 30 operai. Il volume di legno agliato era aumentato di dieci volte tanto rispetto alla data di fondazione della societ\u00e0.[\/vc_column_text][vc_empty_space height=&#8221;60px&#8221;][vc_text_separator title=&#8221;1986&#8243; title_align=&#8221;separator_align_left&#8221; border=&#8221;no&#8221;][vc_empty_space height=&#8221;60px&#8221;][vc_column_text]<strong>Nel 1986<\/strong>, il passo decisivo a garanzia del futuro venne fatto, quando Schaffer decise di specializzarsi sul legno massello. Johann Schaffer, amministratore della societ\u00e0 Holzindustrie Schaffer dal 1987, si \u00e8 concentrato in questa direzione per offrire ai propri clienti il &#8220;meglio che si pu\u00f2 ricavare dal tronco&#8221;.[\/vc_column_text][vc_empty_space height=&#8221;60px&#8221;][vc_text_separator title=&#8221;2015&#8243; title_align=&#8221;separator_align_left&#8221; border=&#8221;no&#8221;][vc_empty_space height=&#8221;60px&#8221;][vc_column_text]<strong>Nel 2015<\/strong> ha passato Johann Schaffer la societ\u00e0 alla quarta generazione che continua lo sforzo[\/vc_column_text][vc_empty_space height=&#8221;60px&#8221;][\/vc_column_inner][\/vc_row_inner][vc_empty_space][\/vc_column][\/vc_row][vc_row css_animation=&#8221;&#8221; row_type=&#8221;row&#8221; use_row_as_full_screen_section=&#8221;no&#8221; type=&#8221;full_width&#8221; angled_section=&#8221;no&#8221; text_align=&#8221;center&#8221; background_image_as_pattern=&#8221;without_pattern&#8221;][vc_column]<div id=\"ult-carousel-5768506136a058be650723\" class=\"ult-carousel-wrapper   ult_horizontal\" data-gutter=\"2\" data-rtl=\"false\" ><div class=\"ult-carousel-463426206a058be65067a \" >[vc_single_image image=&#8221;912&#8243; img_size=&#8221;full&#8221; alignment=&#8221;center&#8221; qode_css_animation=&#8221;&#8221;][vc_single_image image=&#8221;911&#8243; img_size=&#8221;full&#8221; alignment=&#8221;center&#8221; qode_css_animation=&#8221;&#8221;][vc_single_image image=&#8221;910&#8243; img_size=&#8221;full&#8221; alignment=&#8221;center&#8221; qode_css_animation=&#8221;&#8221;][vc_single_image image=&#8221;909&#8243; img_size=&#8221;full&#8221; alignment=&#8221;center&#8221; qode_css_animation=&#8221;&#8221;][vc_single_image image=&#8221;908&#8243; img_size=&#8221;full&#8221; alignment=&#8221;center&#8221; qode_css_animation=&#8221;&#8221;][vc_single_image image=&#8221;907&#8243; img_size=&#8221;full&#8221; alignment=&#8221;center&#8221; qode_css_animation=&#8221;&#8221;][vc_single_image image=&#8221;906&#8243; img_size=&#8221;full&#8221; alignment=&#8221;center&#8221; qode_css_animation=&#8221;&#8221;][vc_single_image image=&#8221;905&#8243; img_size=&#8221;full&#8221; alignment=&#8221;center&#8221; qode_css_animation=&#8221;&#8221;][vc_single_image image=&#8221;904&#8243; img_size=&#8221;full&#8221; alignment=&#8221;center&#8221; qode_css_animation=&#8221;&#8221;][vc_single_image image=&#8221;903&#8243; img_size=&#8221;full&#8221; alignment=&#8221;center&#8221; qode_css_animation=&#8221;&#8221;][vc_single_image image=&#8221;902&#8243; img_size=&#8221;full&#8221; alignment=&#8221;center&#8221; qode_css_animation=&#8221;&#8221;][vc_single_image image=&#8221;901&#8243; img_size=&#8221;full&#8221; alignment=&#8221;center&#8221; qode_css_animation=&#8221;&#8221;]<\/div><\/div>            <script type=\"text\/javascript\">\r\n\t\t\t\tjQuery(document).ready(function($){\r\n               \t\t$('.ult-carousel-463426206a058be65067a').slick({dots: true,autoplay: true,autoplaySpeed: 1500,speed: 500,infinite: true,arrows: false,slidesToScroll:1,slidesToShow:2,swipe: true,draggable: true,touchMove: true,adaptiveHeight: true,responsive: [\r\n\t\t\t\t\t\t\t{\r\n\t\t\t\t\t\t\t  breakpoint: 1025,\r\n\t\t\t\t\t\t\t  settings: {\r\n\t\t\t\t\t\t\t\tslidesToShow: 2,\r\n\t\t\t\t\t\t\t\tslidesToScroll: 1,  \r\n\t\t\t\t\t\t\t  }\r\n\t\t\t\t\t\t\t},\r\n\t\t\t\t\t\t\t{\r\n\t\t\t\t\t\t\t  breakpoint: 769,\r\n\t\t\t\t\t\t\t  settings: {\r\n\t\t\t\t\t\t\t\tslidesToShow: 2,\r\n\t\t\t\t\t\t\t\tslidesToScroll: 2\r\n\t\t\t\t\t\t\t  }\r\n\t\t\t\t\t\t\t},\r\n\t\t\t\t\t\t\t{\r\n\t\t\t\t\t\t\t  breakpoint: 481,\r\n\t\t\t\t\t\t\t  settings: {\r\n\t\t\t\t\t\t\t\tslidesToShow: 1,\r\n\t\t\t\t\t\t\t\tslidesToScroll: 1\r\n\t\t\t\t\t\t\t  }\r\n\t\t\t\t\t\t\t}\r\n\t\t\t\t\t\t],pauseOnHover: true,\r\n\t\t\t\t\t\tpauseOnDotsHover: true,customPaging: function(slider, i) {\r\n                   return '<i type=\"button\" style=\"color:#636363;\" class=\"ultsl-record\" data-role=\"none\"><\/i>';\r\n                },});\r\n\t\t\t\t});\r\n\t\t\t<\/script>\r\n            [vc_empty_space][\/vc_column][\/vc_row]<\/p>\n","protected":false},"excerpt":{"rendered":"<p>[vc_row css_animation=&#8221;&#8221; row_type=&#8221;row&#8221; use_row_as_full_screen_section=&#8221;no&#8221; type=&#8221;grid&#8221; anchor=&#8221;chi_siamo&#8221; angled_section=&#8221;no&#8221; text_align=&#8221;left&#8221; background_image=&#8221;726&#8243; background_image_as_pattern=&#8221;without_pattern&#8221;][vc_column][vc_row_inner row_type=&#8221;row&#8221; type=&#8221;grid&#8221; text_align=&#8221;left&#8221; css_animation=&#8221;&#8221;][vc_column_inner][vc_empty_space height=&#8221;320px&#8221;][vc_column_text el_class=&#8221;white title_full_width&#8221;] Chi siamo [\/vc_column_text][vc_empty_space height=&#8221;75px&#8221;][\/vc_column_inner][\/vc_row_inner][\/vc_column][\/vc_row][vc_row css_animation=&#8221;&#8221; row_type=&#8221;row&#8221; use_row_as_full_screen_section=&#8221;no&#8221; type=&#8221;grid&#8221; angled_section=&#8221;no&#8221; text_align=&#8221;left&#8221; background_image_as_pattern=&#8221;without_pattern&#8221;][vc_column][vc_empty_space height=&#8221;60px&#8221;][vc_column_text]In qualit\u00e0 di leader del mercato nel settore del legno lamellare per infissi dell\u2019Europa centrale, nel nostro&#8230;<\/p>\n","protected":false},"author":2,"featured_media":0,"parent":0,"menu_order":0,"comment_status":"closed","ping_status":"closed","template":"","meta":{"footnotes":""},"class_list":["post-1025","page","type-page","status-publish","hentry"],"_links":{"self":[{"href":"https:\/\/www.schafferholz.com\/it\/wp-json\/wp\/v2\/pages\/1025","targetHints":{"allow":["GET"]}}],"collection":[{"href":"https:\/\/www.schafferholz.com\/it\/wp-json\/wp\/v2\/pages"}],"about":[{"href":"https:\/\/www.schafferholz.com\/it\/wp-json\/wp\/v2\/types\/page"}],"author":[{"embeddable":true,"href":"https:\/\/www.schafferholz.com\/it\/wp-json\/wp\/v2\/users\/2"}],"replies":[{"embeddable":true,"href":"https:\/\/www.schafferholz.com\/it\/wp-json\/wp\/v2\/comments?post=1025"}],"version-history":[{"count":7,"href":"https:\/\/www.schafferholz.com\/it\/wp-json\/wp\/v2\/pages\/1025\/revisions"}],"predecessor-version":[{"id":1355,"href":"https:\/\/www.schafferholz.com\/it\/wp-json\/wp\/v2\/pages\/1025\/revisions\/1355"}],"wp:attachment":[{"href":"https:\/\/www.schafferholz.com\/it\/wp-json\/wp\/v2\/media?parent=1025"}],"curies":[{"name":"wp","href":"https:\/\/api.w.org\/{rel}","templated":true}]}}