{"id":1011,"date":"2016-11-18T08:44:19","date_gmt":"2016-11-18T08:44:19","guid":{"rendered":"https:\/\/www.schafferholz.com\/oehhu\/"},"modified":"2019-09-21T19:14:11","modified_gmt":"2019-09-21T19:14:11","slug":"oehhu","status":"publish","type":"page","link":"https:\/\/www.schafferholz.com\/it\/oehhu\/","title":{"rendered":"\u00d6HHU"},"content":{"rendered":"<p>[vc_row css_animation=&#8221;&#8221; row_type=&#8221;row&#8221; use_row_as_full_screen_section=&#8221;no&#8221; type=&#8221;full_width&#8221; angled_section=&#8221;no&#8221; text_align=&#8221;left&#8221; background_image=&#8221;797&#8243; background_image_as_pattern=&#8221;without_pattern&#8221;][vc_column][vc_row_inner row_type=&#8221;row&#8221; type=&#8221;full_width&#8221; text_align=&#8221;left&#8221; css_animation=&#8221;&#8221;][vc_column_inner][vc_empty_space height=&#8221;320px&#8221;][vc_column_text el_class=&#8221;white title_full_width&#8221;]<\/p>\n<h2 style=\"text-align: center;\">\u00d6HHU<\/h2>\n<p>[\/vc_column_text][vc_empty_space height=&#8221;75px&#8221;][\/vc_column_inner][\/vc_row_inner][\/vc_column][\/vc_row][vc_row css_animation=&#8221;&#8221; row_type=&#8221;row&#8221; use_row_as_full_screen_section=&#8221;no&#8221; type=&#8221;grid&#8221; angled_section=&#8221;no&#8221; text_align=&#8221;left&#8221; background_image_as_pattern=&#8221;without_pattern&#8221;][vc_column][vc_empty_space height=&#8221;64px&#8221;][vc_column_text]<\/p>\n<h2><strong>\u00d6sterreichische Holzhandelsusancen<\/strong><\/h2>\n<p>Sofern nicht anders vereinbart, liegen unseren Auftr\u00e4gen \/ Schlussbriefen die \u00d6sterreichischen Holzhandelsusancen in der jeweils g\u00fcltigen Fassung zugrunde. F\u00fcr Streitf\u00e4lle ist ausschlie\u00dflich das Schiedsgericht der Wiener Warenb\u00f6rse zust\u00e4ndig.<\/p>\n<p>&nbsp;<\/p>\n<p>&nbsp;<\/p>\n<p>&nbsp;<\/p>\n<p>&nbsp;<\/p>\n<p><strong>SCHAFFER S\u00c4GEWERK-HOLZEXPORT GmbH<\/strong><br \/>\nHintersieding 12<br \/>\n8741 Eppenstein, Austria<br \/>\nTel.: +43 3577 82 29 5-0<br \/>\nFax: +43 3577 82 29 5-10<br \/>\n<a href=\"mailto:office@schafferholz.com\" target=\"_blank\" rel=\"noopener noreferrer\">office@schafferholz.com<\/a>[\/vc_column_text][vc_empty_space height=&#8221;64px&#8221;][\/vc_column][\/vc_row]<\/p>\n","protected":false},"excerpt":{"rendered":"<p>[vc_row css_animation=&#8221;&#8221; row_type=&#8221;row&#8221; use_row_as_full_screen_section=&#8221;no&#8221; type=&#8221;full_width&#8221; angled_section=&#8221;no&#8221; text_align=&#8221;left&#8221; background_image=&#8221;797&#8243; background_image_as_pattern=&#8221;without_pattern&#8221;][vc_column][vc_row_inner row_type=&#8221;row&#8221; type=&#8221;full_width&#8221; text_align=&#8221;left&#8221; css_animation=&#8221;&#8221;][vc_column_inner][vc_empty_space height=&#8221;320px&#8221;][vc_column_text el_class=&#8221;white title_full_width&#8221;] \u00d6HHU [\/vc_column_text][vc_empty_space height=&#8221;75px&#8221;][\/vc_column_inner][\/vc_row_inner][\/vc_column][\/vc_row][vc_row css_animation=&#8221;&#8221; row_type=&#8221;row&#8221; use_row_as_full_screen_section=&#8221;no&#8221; type=&#8221;grid&#8221; angled_section=&#8221;no&#8221; text_align=&#8221;left&#8221; background_image_as_pattern=&#8221;without_pattern&#8221;][vc_column][vc_empty_space height=&#8221;64px&#8221;][vc_column_text] \u00d6sterreichische Holzhandelsusancen Sofern nicht anders vereinbart, liegen unseren Auftr\u00e4gen \/ Schlussbriefen die \u00d6sterreichischen Holzhandelsusancen in der jeweils g\u00fcltigen&#8230;<\/p>\n","protected":false},"author":3,"featured_media":0,"parent":0,"menu_order":0,"comment_status":"closed","ping_status":"closed","template":"","meta":{"footnotes":""},"class_list":["post-1011","page","type-page","status-publish","hentry"],"_links":{"self":[{"href":"https:\/\/www.schafferholz.com\/it\/wp-json\/wp\/v2\/pages\/1011","targetHints":{"allow":["GET"]}}],"collection":[{"href":"https:\/\/www.schafferholz.com\/it\/wp-json\/wp\/v2\/pages"}],"about":[{"href":"https:\/\/www.schafferholz.com\/it\/wp-json\/wp\/v2\/types\/page"}],"author":[{"embeddable":true,"href":"https:\/\/www.schafferholz.com\/it\/wp-json\/wp\/v2\/users\/3"}],"replies":[{"embeddable":true,"href":"https:\/\/www.schafferholz.com\/it\/wp-json\/wp\/v2\/comments?post=1011"}],"version-history":[{"count":2,"href":"https:\/\/www.schafferholz.com\/it\/wp-json\/wp\/v2\/pages\/1011\/revisions"}],"predecessor-version":[{"id":1331,"href":"https:\/\/www.schafferholz.com\/it\/wp-json\/wp\/v2\/pages\/1011\/revisions\/1331"}],"wp:attachment":[{"href":"https:\/\/www.schafferholz.com\/it\/wp-json\/wp\/v2\/media?parent=1011"}],"curies":[{"name":"wp","href":"https:\/\/api.w.org\/{rel}","templated":true}]}}