{"id":985,"date":"2016-12-06T11:48:36","date_gmt":"2016-12-06T11:48:36","guid":{"rendered":"https:\/\/www.schafferholz.com\/produkte\/"},"modified":"2017-05-12T10:25:31","modified_gmt":"2017-05-12T10:25:31","slug":"produits","status":"publish","type":"page","link":"https:\/\/www.schafferholz.com\/fr\/produits\/","title":{"rendered":"Produits"},"content":{"rendered":"<p>[vc_row css_animation=\u00a0\u00bb\u00a0\u00bb row_type=\u00a0\u00bbrow\u00a0\u00bb use_row_as_full_screen_section=\u00a0\u00bbno\u00a0\u00bb type=\u00a0\u00bbgrid\u00a0\u00bb angled_section=\u00a0\u00bbno\u00a0\u00bb text_align=\u00a0\u00bbleft\u00a0\u00bb background_image=\u00a0\u00bb764&Prime; background_image_as_pattern=\u00a0\u00bbwithout_pattern\u00a0\u00bb][vc_column][vc_row_inner row_type=\u00a0\u00bbrow\u00a0\u00bb type=\u00a0\u00bbgrid\u00a0\u00bb text_align=\u00a0\u00bbleft\u00a0\u00bb css_animation=\u00a0\u00bb\u00a0\u00bb][vc_column_inner][vc_empty_space height=\u00a0\u00bb320px\u00a0\u00bb][vc_column_text el_class=\u00a0\u00bbwhite title_full_width\u00a0\u00bb]<\/p>\n<h2 style=\"text-align: center;\">Produits<\/h2>\n<p>[\/vc_column_text][vc_empty_space height=\u00a0\u00bb75px\u00a0\u00bb][\/vc_column_inner][\/vc_row_inner][\/vc_column][\/vc_row][vc_row css_animation=\u00a0\u00bb\u00a0\u00bb row_type=\u00a0\u00bbrow\u00a0\u00bb use_row_as_full_screen_section=\u00a0\u00bbno\u00a0\u00bb type=\u00a0\u00bbgrid\u00a0\u00bb angled_section=\u00a0\u00bbno\u00a0\u00bb text_align=\u00a0\u00bbleft\u00a0\u00bb background_image_as_pattern=\u00a0\u00bbwithout_pattern\u00a0\u00bb][vc_column][vc_empty_space height=\u00a0\u00bb60px\u00a0\u00bb][vc_column_text]La soci\u00e9t\u00e9 Schaffer est depuis plus de 30 ans le sp\u00e9cialiste du sciage sur quartier, sciage gros bois et du m\u00e9l\u00e8ze autrichien. Nos clients sont des distributeurs, des transformateurs et des constructeurs en bois. Les sciages ont \u00e9t\u00e9 produits pendant des d\u00e9cennies chez Schaffer Holz avec le plus grand soin et expertise.[\/vc_column_text][vc_empty_space height=\u00a0\u00bb24px\u00a0\u00bb][vc_row_inner row_type=\u00a0\u00bbrow\u00a0\u00bb type=\u00a0\u00bbfull_width\u00a0\u00bb text_align=\u00a0\u00bbleft\u00a0\u00bb css_animation=\u00a0\u00bb\u00a0\u00bb][vc_column_inner width=\u00a0\u00bb1\/4&Prime;][\/vc_column_inner][vc_column_inner width=\u00a0\u00bb2\/4&Prime; css=\u00a0\u00bb.vc_custom_1481886216636{border: 2px solid #76030e !important;border-radius: 4px !important;}\u00a0\u00bb][vc_column_text css=\u00a0\u00bb.vc_custom_1494584715570{padding-bottom: 2px !important;}\u00a0\u00bb]<\/p>\n<h5 style=\"text-align: center;\"><strong>Merci de noter que nous ne vendons pas au d\u00e9tail!<\/strong><\/h5>\n<p>&nbsp;<\/p>\n<p style=\"text-align: center;\">Notre quantit\u00e9 minimale de vente est:<\/p>\n<ul>\n<li style=\"text-align: center;\">1 camion pour une livraison,<\/li>\n<li style=\"text-align: center;\">au coli, avec seule dimension, pour un enl\u00e8vement<\/li>\n<\/ul>\n<p>[\/vc_column_text][vc_empty_space height=\u00a0\u00bb18px\u00a0\u00bb][\/vc_column_inner][vc_column_inner width=\u00a0\u00bb1\/4&Prime;][\/vc_column_inner][\/vc_row_inner][vc_empty_space height=\u00a0\u00bb100px\u00a0\u00bb][\/vc_column][\/vc_row][vc_row css_animation=\u00a0\u00bb\u00a0\u00bb row_type=\u00a0\u00bbrow\u00a0\u00bb use_row_as_full_screen_section=\u00a0\u00bbno\u00a0\u00bb type=\u00a0\u00bbgrid\u00a0\u00bb angled_section=\u00a0\u00bbno\u00a0\u00bb text_align=\u00a0\u00bbleft\u00a0\u00bb background_image_as_pattern=\u00a0\u00bbwithout_pattern\u00a0\u00bb row_negative_margin=\u00a0\u00bbdisable_negative_margin\u00a0\u00bb el_id=\u00a0\u00bbproduct\u00a0\u00bb][vc_column][vc_column_text el_class=\u00a0\u00bbproduct_text_column\u00a0\u00bb]<div class=\"product_item\"><div class=\"product_content\"><img decoding=\"async\" src=\"https:\/\/www.schafferholz.com\/wp-content\/uploads\/2017\/01\/DSC_4276.jpg\" \/><h3 class=\"product_title\">Plots<\/h3><table class=\"product_table\"><tr class=\"product_description\"><td class=\"column left_column\">Essences<\/td><td class=\"column right_column\">\u00e9pic\u00e9a, m\u00e9l\u00e8ze autrichien, sapin<\/td><\/tr><tr class=\"product_description\"><td class=\"column left_column\">Qualit\u00e9<\/td><td class=\"column right_column\">0\/I ou 0\/II<\/td><\/tr><tr class=\"product_description\"><td class=\"column left_column\">Epaisseur<\/td><td class=\"column right_column\">\u00e0 partir d\u2019environ 30 mm, \u00e0 la demande du client<\/td><\/tr><tr class=\"product_description\"><td class=\"column left_column\">Largeur<\/td><td class=\"column right_column\">\u00e0 la demande du client<\/td><\/tr><tr class=\"product_description\"><td class=\"column left_column\">Longueur<\/td><td class=\"column right_column\">en 4,0 m principalement<\/td><\/tr><tr class=\"product_description\"><td class=\"column left_column\">Humidit\u00e9<\/td><td class=\"column right_column\">bois frais ou secs s\u00e9choirs<\/td><\/tr><tr class=\"product_description\"><td class=\"column left_column\">Sciages<\/td><td class=\"column right_column\">aviv\u00e9s (sans flache) ou non-aviv\u00e9s (avec flache)<\/td><\/tr><tr class=\"product_description\"><td class=\"column left_column\">Utilisation<\/td><td class=\"column right_column\">liteaux, chevrons, moulures, frises, portes, fen\u00eatres et menuiserie apparente<\/td><\/tr><\/table><\/div><\/div><div class=\"product_item\"><div class=\"product_content\"><img decoding=\"async\" src=\"https:\/\/www.schafferholz.com\/wp-content\/uploads\/2017\/01\/DSC_4268.jpg\" \/><h3 class=\"product_title\">Sciages sur quartier<\/h3><table class=\"product_table\"><tr class=\"product_description\"><td class=\"column left_column\">Essences<\/td><td class=\"column right_column\">\u00e9pic\u00e9a, m\u00e9l\u00e8ze autrichien, sapin<\/td><\/tr><tr class=\"product_description\"><td class=\"column left_column\">Qualit\u00e9<\/td><td class=\"column right_column\">sans n\u0153uds ou avec n\u0153uds, produit \u00e0 partir de gros bois<\/td><\/tr><tr class=\"product_description\"><td class=\"column left_column\">Epaisseur<\/td><td class=\"column right_column\">de 18 \u00e0 95 mm<\/td><\/tr><tr class=\"product_description\"><td class=\"column left_column\">Largeur<\/td><td class=\"column right_column\">de 48 \u00e0 150 mm<\/td><\/tr><tr class=\"product_description\"><td class=\"column left_column\">Longueur<\/td><td class=\"column right_column\">en 4,0 m principalement<\/td><\/tr><tr class=\"product_description\"><td class=\"column left_column\">Humidit\u00e9<\/td><td class=\"column right_column\">bois frais ou secs s\u00e9choirs<\/td><\/tr><tr class=\"product_description\"><td class=\"column left_column\">Sciages<\/td><td class=\"column right_column\">sur quartier ou faux-quartier, carrelets massifs bruts<\/td><\/tr><tr class=\"product_description\"><td class=\"column left_column\">Utilisation<\/td><td class=\"column right_column\">carrelets de fen\u00eatre, frises de porte, fa\u00e7ades et frises des meubles massifs, liteaux et moulures d\u00e9coratifs pour fen\u00eatres et meubles<\/td><\/tr><\/table><\/div><\/div><div class=\"product_item\"><div class=\"product_content\"><img decoding=\"async\" src=\"https:\/\/www.schafferholz.com\/wp-content\/uploads\/2017\/01\/DSC_4399.jpg\" \/><h3 class=\"product_title\">Bois de r\u00e9sonance<\/h3><table class=\"product_table\"><tr class=\"product_description\"><td class=\"column left_column\">Essences<\/td><td class=\"column right_column\">\u00e9pic\u00e9a de Styrie<\/td><\/tr><tr class=\"product_description\"><td class=\"column left_column\">Qualit\u00e9<\/td><td class=\"column right_column\">la meilleure, sans n\u0153uds, grain tr\u00e8s fin, fils parfaits<\/td><\/tr><tr class=\"product_description\"><td class=\"column left_column\">Epaisseur<\/td><td class=\"column right_column\">\u00e0 partir de 18mm<\/td><\/tr><tr class=\"product_description\"><td class=\"column left_column\">Largeur<\/td><td class=\"column right_column\">150mm maximum<\/td><\/tr><tr class=\"product_description\"><td class=\"column left_column\">Longueur<\/td><td class=\"column right_column\">en 4,0 m principalement<\/td><\/tr><tr class=\"product_description\"><td class=\"column left_column\">Humidit\u00e9<\/td><td class=\"column right_column\">bois frais ou secs s\u00e9choirs<\/td><\/tr><tr class=\"product_description\"><td class=\"column left_column\">Utilisation<\/td><td class=\"column right_column\">fond de pianos et instruments \u00e0 cordes<\/td><\/tr><\/table><\/div><\/div><div class=\"product_item\"><div class=\"product_content\"><img decoding=\"async\" src=\"https:\/\/www.schafferholz.com\/wp-content\/uploads\/2017\/01\/DSC_4231-1.jpg\" \/><h3 class=\"product_title\">Sciages pour la construction<\/h3><table class=\"product_table\"><tr class=\"product_description\"><td class=\"column left_column\">Essences<\/td><td class=\"column right_column\">\u00e9pic\u00e9a, m\u00e9l\u00e8ze autrichien, sapin<\/td><\/tr><tr class=\"product_description\"><td class=\"column left_column\">Qualit\u00e9<\/td><td class=\"column right_column\">B, BC (construction), bois secs pouvant \u00eatre rabot\u00e9s; en I\/IV ou autre (\u00e0 la demande) pour le m\u00e9l\u00e8ze<\/td><\/tr><tr class=\"product_description\"><td class=\"column left_column\">Epaisseur<\/td><td class=\"column right_column\">de 38 \u00e0 350 mm<\/td><\/tr><tr class=\"product_description\"><td class=\"column left_column\">Largeur<\/td><td class=\"column right_column\">de 76 \u00e0 350 mm<\/td><\/tr><tr class=\"product_description\"><td class=\"column left_column\">Longueur<\/td><td class=\"column right_column\">En 5,0 m maximum, principalement en 4,0 m<\/td><\/tr><tr class=\"product_description\"><td class=\"column left_column\">Humidit\u00e9<\/td><td class=\"column right_column\">bois frais ou secs s\u00e9choirs<\/td><\/tr><tr class=\"product_description\"><td class=\"column left_column\">Utilisation<\/td><td class=\"column right_column\">coffrage, poteaux, poutres, voliges, chevrons, bois de charpente, bois d\u2019ossature\u2026<\/td><\/tr><\/table><\/div><\/div><div class=\"product_item\"><div class=\"product_content\"><img decoding=\"async\" src=\"https:\/\/www.schafferholz.com\/wp-content\/uploads\/2017\/01\/Schaff151.jpg\" \/><h3 class=\"product_title\">Sciages en m\u00e9l\u00e8ze<\/h3><table class=\"product_table\"><tr class=\"product_description\"><td class=\"column left_column\">Essences<\/td><td class=\"column right_column\">m\u00e9l\u00e8ze autrichien<\/td><\/tr><tr class=\"product_description\"><td class=\"column left_column\">Qualit\u00e9<\/td><td class=\"column right_column\">n\u0153uds sains<\/td><\/tr><tr class=\"product_description\"><td class=\"column left_column\">Epaisseur<\/td><td class=\"column right_column\">de 23\/28\/38\/48 \u00e0 58 mm<\/td><\/tr><tr class=\"product_description\"><td class=\"column left_column\">Largeur<\/td><td class=\"column right_column\">de 100 \u00e0 260 mm<\/td><\/tr><tr class=\"product_description\"><td class=\"column left_column\">Longueur<\/td><td class=\"column right_column\">principalement en 4,0 m<\/td><\/tr><tr class=\"product_description\"><td class=\"column left_column\">Humidit\u00e9<\/td><td class=\"column right_column\">bois frais ou secs s\u00e9choirs<\/td><\/tr><tr class=\"product_description\"><td class=\"column left_column\">Utilisation<\/td><td class=\"column right_column\">sciages bruts pour fabrication de terrasses, bardages, lambris... <\/td><\/tr><\/table><\/div><\/div><div class=\"product_item\"><div class=\"product_content\"><img decoding=\"async\" src=\"https:\/\/www.schafferholz.com\/wp-content\/uploads\/2017\/01\/DSC_4559.jpg\" \/><h3 class=\"product_title\">Sciages destin\u00e9s au lamell\u00e9-coll\u00e9 \/ KVH et chevrons bruts<\/h3><table class=\"product_table\"><tr class=\"product_description\"><td class=\"column left_column\">Essences<\/td><td class=\"column right_column\">Epic\u00e9a et m\u00e9l\u00e8ze autrichien<\/td><\/tr><tr class=\"product_description\"><td class=\"column left_column\">Qualit\u00e9<\/td><td class=\"column right_column\">M\u00e9l\u00e8ze: LH: I\/IV pouvant \u00eatre rabot\u00e9, bois purg\u00e9 d\u2019aubier (tol\u00e9rance 1 cm d\u2019aubier maximum sur une face) LA: une face sans aubier, 1 cm d\u2019aubier maximum sur la deuxi\u00e8me face LBI: une face avec aubier \u00c9pic\u00e9a: LB: qualit\u00e9 visible (S\/F sans VI\u00e8me) LBI: qualit\u00e9 industrielle<\/td><\/tr><tr class=\"product_description\"><td class=\"column left_column\">Dimensions toujours en stock<\/td><td class=\"column right_column\">M\u00e9l\u00e8ze: Epaisseur: 38 mm, Largeurs: 80\/95\/115\/125\/135\/ 155\/175\/195\/215\/235\/255 mm \u00c9pic\u00e9a: Epaisseurs: 38\/46\/50 mm, Largeurs: 160\/175\/195\/200\/215\/225\/247 mm Dimension maximale\u00a0: 350x350 mm<\/td><\/tr><tr class=\"product_description\"><td class=\"column left_column\">Longueur<\/td><td class=\"column right_column\">De 3 \u00e0 5 m, principalement en 4 m (autres longueurs disponibles sur demande)<\/td><\/tr><tr class=\"product_description\"><td class=\"column left_column\">Humidit\u00e9<\/td><td class=\"column right_column\">bois secs s\u00e9choirs \u00e0 11+\/-2%<\/td><\/tr><tr class=\"product_description\"><td class=\"column left_column\">Utilisation<\/td><td class=\"column right_column\">fabrication de poutres lamell\u00e9es-coll\u00e9es, Duo\/Trio M\u00e9l\u00e8ze purg\u00e9 d\u2019aubier - classe de durabilit\u00e9 naturelle 3<\/td><\/tr><\/table><\/div><\/div><div class=\"product_item\"><div class=\"product_content\"><img decoding=\"async\" src=\"https:\/\/www.schafferholz.com\/wp-content\/uploads\/2017\/01\/DSC_4333.jpg\" \/><h3 class=\"product_title\">Bois d\u2019emballage<\/h3><table class=\"product_table\"><tr class=\"product_description\"><td class=\"column left_column\">Essences<\/td><td class=\"column right_column\">\u00e9pic\u00e9a, m\u00e9l\u00e8ze autrichien<\/td><\/tr><tr class=\"product_description\"><td class=\"column left_column\">Qualit\u00e9<\/td><td class=\"column right_column\">frais ou Certification ISPM (ISPM Nr. 15) AT-ST8018, d\u00e9lign\u00e9<\/td><\/tr><tr class=\"product_description\"><td class=\"column left_column\">Epaisseur<\/td><td class=\"column right_column\">de 21 \u00e0 200 mm<\/td><\/tr><tr class=\"product_description\"><td class=\"column left_column\">Largeur<\/td><td class=\"column right_column\">de 60 \u00e0 200 mm<\/td><\/tr><tr class=\"product_description\"><td class=\"column left_column\">Longueur<\/td><td class=\"column right_column\">en 4,0 m principalement<\/td><\/tr><tr class=\"product_description\"><td class=\"column left_column\">Humidit\u00e9<\/td><td class=\"column right_column\">bois frais ou secs s\u00e9choirs<\/td><\/tr><tr class=\"product_description\"><td class=\"column left_column\">Utilisation<\/td><td class=\"column right_column\">caisses, palettes, d\u00e9s \u00e0 palettes, emballage industriel<\/td><\/tr><\/table><\/div><\/div><div class=\"product_item\"><div class=\"product_content\"><img decoding=\"async\" src=\"https:\/\/www.schafferholz.com\/wp-content\/uploads\/2017\/01\/IMG_3172.jpg\" \/><h3 class=\"product_title\">Panneaux de construction en bois massif<\/h3><table class=\"product_table\"><tr class=\"product_description\"><td class=\"column left_column\">Essences<\/td><td class=\"column right_column\">\u00e9pic\u00e9a, m\u00e9l\u00e8ze autrichien<\/td><\/tr><tr class=\"product_description\"><td class=\"column left_column\">Qualit\u00e9<\/td><td class=\"column right_column\">sans n\u0153uds ni poches de r\u00e9sine, about\u00e9 et coll\u00e9 avec une colle D4 selon norme EN 204 (sans formald\u00e9hyde)<\/td><\/tr><tr class=\"product_description\"><td class=\"column left_column\">Epaisseur<\/td><td class=\"column right_column\">20, 30, 40, 50, 60 mm<\/td><\/tr><tr class=\"product_description\"><td class=\"column left_column\">Largeur<\/td><td class=\"column right_column\">340, 600, 1210 mm<\/td><\/tr><tr class=\"product_description\"><td class=\"column left_column\">Longueur<\/td><td class=\"column right_column\">de 3.000 \u00e0 5.000 mm<\/td><\/tr><tr class=\"product_description\"><td class=\"column left_column\">Humidit\u00e9<\/td><td class=\"column right_column\">bois frais ou secs s\u00e9choirs<\/td><\/tr><tr class=\"product_description\"><td class=\"column left_column\">Utilisation<\/td><td class=\"column right_column\">am\u00e9nagement int\u00e9rieur, am\u00e9nagement ext\u00e9rieur non expos\u00e9 aux intemp\u00e9ries (marches et cr\u00e9maill\u00e8res d\u2019escalier, appuis de fen\u00eatre, plans de travail, \u00e9l\u00e9ments de fa\u00e7ades, meubles, plateaux de tables)<\/td><\/tr><\/table><\/div><\/div>[\/vc_column_text][\/vc_column][\/vc_row]<\/p>\n","protected":false},"excerpt":{"rendered":"<p>[vc_row css_animation=\u00a0\u00bb\u00a0\u00bb row_type=\u00a0\u00bbrow\u00a0\u00bb use_row_as_full_screen_section=\u00a0\u00bbno\u00a0\u00bb type=\u00a0\u00bbgrid\u00a0\u00bb angled_section=\u00a0\u00bbno\u00a0\u00bb text_align=\u00a0\u00bbleft\u00a0\u00bb background_image=\u00a0\u00bb764&Prime; background_image_as_pattern=\u00a0\u00bbwithout_pattern\u00a0\u00bb][vc_column][vc_row_inner row_type=\u00a0\u00bbrow\u00a0\u00bb type=\u00a0\u00bbgrid\u00a0\u00bb text_align=\u00a0\u00bbleft\u00a0\u00bb css_animation=\u00a0\u00bb\u00a0\u00bb][vc_column_inner][vc_empty_space height=\u00a0\u00bb320px\u00a0\u00bb][vc_column_text el_class=\u00a0\u00bbwhite title_full_width\u00a0\u00bb] Produits [\/vc_column_text][vc_empty_space height=\u00a0\u00bb75px\u00a0\u00bb][\/vc_column_inner][\/vc_row_inner][\/vc_column][\/vc_row][vc_row css_animation=\u00a0\u00bb\u00a0\u00bb row_type=\u00a0\u00bbrow\u00a0\u00bb use_row_as_full_screen_section=\u00a0\u00bbno\u00a0\u00bb type=\u00a0\u00bbgrid\u00a0\u00bb angled_section=\u00a0\u00bbno\u00a0\u00bb text_align=\u00a0\u00bbleft\u00a0\u00bb background_image_as_pattern=\u00a0\u00bbwithout_pattern\u00a0\u00bb][vc_column][vc_empty_space height=\u00a0\u00bb60px\u00a0\u00bb][vc_column_text]La soci\u00e9t\u00e9 Schaffer est depuis plus de 30 ans le sp\u00e9cialiste du sciage sur quartier, sciage gros bois et&#8230;<\/p>\n","protected":false},"author":3,"featured_media":0,"parent":0,"menu_order":0,"comment_status":"closed","ping_status":"closed","template":"","meta":{"footnotes":""},"class_list":["post-985","page","type-page","status-publish","hentry"],"_links":{"self":[{"href":"https:\/\/www.schafferholz.com\/fr\/wp-json\/wp\/v2\/pages\/985","targetHints":{"allow":["GET"]}}],"collection":[{"href":"https:\/\/www.schafferholz.com\/fr\/wp-json\/wp\/v2\/pages"}],"about":[{"href":"https:\/\/www.schafferholz.com\/fr\/wp-json\/wp\/v2\/types\/page"}],"author":[{"embeddable":true,"href":"https:\/\/www.schafferholz.com\/fr\/wp-json\/wp\/v2\/users\/3"}],"replies":[{"embeddable":true,"href":"https:\/\/www.schafferholz.com\/fr\/wp-json\/wp\/v2\/comments?post=985"}],"version-history":[{"count":3,"href":"https:\/\/www.schafferholz.com\/fr\/wp-json\/wp\/v2\/pages\/985\/revisions"}],"predecessor-version":[{"id":1188,"href":"https:\/\/www.schafferholz.com\/fr\/wp-json\/wp\/v2\/pages\/985\/revisions\/1188"}],"wp:attachment":[{"href":"https:\/\/www.schafferholz.com\/fr\/wp-json\/wp\/v2\/media?parent=985"}],"curies":[{"name":"wp","href":"https:\/\/api.w.org\/{rel}","templated":true}]}}