{"id":1035,"date":"2016-07-11T08:50:09","date_gmt":"2016-07-11T08:50:09","guid":{"rendered":"https:\/\/www.schafferholz.com\/vcard-home\/"},"modified":"2017-05-12T11:27:13","modified_gmt":"2017-05-12T11:27:13","slug":"vcard-home","status":"publish","type":"page","link":"https:\/\/www.schafferholz.com\/fr\/","title":{"rendered":"Home"},"content":{"rendered":"<p>[vc_row css_animation=\u00a0\u00bb\u00a0\u00bb row_type=\u00a0\u00bbrow\u00a0\u00bb use_row_as_full_screen_section=\u00a0\u00bbno\u00a0\u00bb type=\u00a0\u00bbgrid\u00a0\u00bb anchor=\u00a0\u00bbintro\u00a0\u00bb angled_section=\u00a0\u00bbno\u00a0\u00bb text_align=\u00a0\u00bbcenter\u00a0\u00bb background_image=\u00a0\u00bb798&Prime; background_image_as_pattern=\u00a0\u00bbwithout_pattern\u00a0\u00bb][vc_column el_class=\u00a0\u00bbhome_height first_home\u00a0\u00bb][qode_elements_holder number_of_columns=\u00a0\u00bbone_column\u00a0\u00bb][qode_elements_holder_item item_padding=\u00a0\u00bb7% 0 0 0&Prime; vertical_alignment=\u00a0\u00bbmiddle\u00a0\u00bb advanced_animations=\u00a0\u00bbno\u00a0\u00bb item_padding_768_1024=\u00a0\u00bb38% 0 30% 0&Prime; item_padding_600_768=\u00a0\u00bb38% 0 30% 0&Prime; item_padding_480_600=\u00a0\u00bb38% 0 30% 0&Prime; item_padding_480=\u00a0\u00bb38% 0 30% 0&Prime;][vc_empty_space height=\u00a0\u00bb62px\u00a0\u00bb][vc_column_text]<\/p>\n<h1 class=\"main-titel\">SCHAFFERHOLZ<\/h1>\n<p>[\/vc_column_text][vc_empty_space][vc_column_text]<\/p>\n<p style=\"color: white; font-size: 28px;\">Le meilleur de chaque grume<\/p>\n<p>[\/vc_column_text][\/qode_elements_holder_item][\/qode_elements_holder][\/vc_column][\/vc_row][vc_row css_animation=\u00a0\u00bb\u00a0\u00bb row_type=\u00a0\u00bbrow\u00a0\u00bb use_row_as_full_screen_section=\u00a0\u00bbno\u00a0\u00bb type=\u00a0\u00bbfull_width\u00a0\u00bb angled_section=\u00a0\u00bbno\u00a0\u00bb text_align=\u00a0\u00bbleft\u00a0\u00bb background_image_as_pattern=\u00a0\u00bbwithout_pattern\u00a0\u00bb][vc_column][vc_empty_space height=\u00a0\u00bb200px\u00a0\u00bb][\/vc_column][\/vc_row][vc_row css_animation=\u00a0\u00bb\u00a0\u00bb row_type=\u00a0\u00bbrow\u00a0\u00bb use_row_as_full_screen_section=\u00a0\u00bbno\u00a0\u00bb type=\u00a0\u00bbgrid\u00a0\u00bb anchor=\u00a0\u00bbunternehmen\u00a0\u00bb angled_section=\u00a0\u00bbno\u00a0\u00bb text_align=\u00a0\u00bbcenter\u00a0\u00bb background_image=\u00a0\u00bb797&Prime; background_image_as_pattern=\u00a0\u00bbwithout_pattern\u00a0\u00bb][vc_column css=\u00a0\u00bb.vc_custom_1485339532108{background-color: rgba(63,40,35,0.66) !important;*background-color: rgb(63,40,35) !important;}\u00a0\u00bb el_class=\u00a0\u00bbhome_height\u00a0\u00bb]<span data-type=\"normal\" data-hover-icon-color=\"#76020e\" class=\"qode_icon_shortcode  q_font_awsome_icon fa-3x  q_icon_animation\" style=\" transition-delay: 0.2ms; -webkit-transition-delay: 0.2ms; -moz-transition-delay: 0.2ms; -o-transition-delay: 0.2ms;\"><i class=\"qode_icon_font_awesome fa fa-users qode_icon_element\" style=\"color: #ffffff;\" ><\/i><\/span>[vc_column_text el_class=\u00a0\u00bbwhite-home\u00a0\u00bb]<\/p>\n<h2 style=\"text-align: center;\">L\u2018entreprise<\/h2>\n<p>[\/vc_column_text][vc_empty_space height=\u00a0\u00bb13px\u00a0\u00bb][vc_column_text el_class=\u00a0\u00bbwhite\u00a0\u00bb css=\u00a0\u00bb.vc_custom_1494577191051{padding-top: 15px !important;padding-right: 15px !important;padding-bottom: 15px !important;padding-left: 15px !important;}\u00a0\u00bb]<\/p>\n<p style=\"text-align: left;\">Schaffer Holz est une scierie sp\u00e9cialis\u00e9e dans le sciage de grumes de gros diam\u00e8tres, situ\u00e9e au c\u0153ur de la Styrie autrichienne. L&rsquo;entreprise familiale est engag\u00e9e depuis quatre g\u00e9n\u00e9rations dans la transformation du bois.<br \/>\nLa soci\u00e9t\u00e9 est fid\u00e8le de sa devise: \u00ab le meilleur de chaque grume \u00bb. Schaffer Holz ne s\u2019entoure que des sp\u00e9cialistes sachant valoriser le bois comme une mati\u00e8re premi\u00e8re pr\u00e9cieuse.<\/p>\n<p>[\/vc_column_text][vc_empty_space height=\u00a0\u00bb13px\u00a0\u00bb]<a  itemprop=\"url\" href=\"https:\/\/www.schafferholz.com\/fr\/lentreprise\/\" target=\"_self\" data-hover-background-color=#999999 data-hover-border-color=#999999 data-hover-color=#ffffff class=\"qbutton  medium center default\" style=\"color: #ffffff; background-color: #76030e;\"> Lire la suite<\/a>[vc_empty_space height=\u00a0\u00bb39px\u00a0\u00bb][\/vc_column][\/vc_row][vc_row css_animation=\u00a0\u00bb\u00a0\u00bb row_type=\u00a0\u00bbrow\u00a0\u00bb use_row_as_full_screen_section=\u00a0\u00bbno\u00a0\u00bb type=\u00a0\u00bbfull_width\u00a0\u00bb angled_section=\u00a0\u00bbno\u00a0\u00bb text_align=\u00a0\u00bbleft\u00a0\u00bb background_image_as_pattern=\u00a0\u00bbwithout_pattern\u00a0\u00bb][vc_column][vc_empty_space height=\u00a0\u00bb200px\u00a0\u00bb][\/vc_column][\/vc_row][vc_row css_animation=\u00a0\u00bb\u00a0\u00bb row_type=\u00a0\u00bbrow\u00a0\u00bb use_row_as_full_screen_section=\u00a0\u00bbno\u00a0\u00bb type=\u00a0\u00bbgrid\u00a0\u00bb anchor=\u00a0\u00bbkarriere\u00a0\u00bb angled_section=\u00a0\u00bbno\u00a0\u00bb text_align=\u00a0\u00bbcenter\u00a0\u00bb background_image=\u00a0\u00bb795&Prime; background_image_as_pattern=\u00a0\u00bbwithout_pattern\u00a0\u00bb][vc_column css=\u00a0\u00bb.vc_custom_1485339541400{background-color: rgba(63,40,35,0.66) !important;*background-color: rgb(63,40,35) !important;}\u00a0\u00bb el_class=\u00a0\u00bbhome_height\u00a0\u00bb]<span data-type=\"normal\" data-hover-icon-color=\"#76020e\" class=\"qode_icon_shortcode  q_font_awsome_icon fa-3x  q_icon_animation\" style=\" transition-delay: 0.2ms; -webkit-transition-delay: 0.2ms; -moz-transition-delay: 0.2ms; -o-transition-delay: 0.2ms;\"><i class=\"qode_icon_font_awesome fa fa-barcode qode_icon_element\" style=\"color: #ffffff;\" ><\/i><\/span>[vc_column_text el_class=\u00a0\u00bbwhite-home\u00a0\u00bb]<\/p>\n<h2 style=\"text-align: center;\">Les produits<\/h2>\n<p>[\/vc_column_text][vc_empty_space height=\u00a0\u00bb13px\u00a0\u00bb][vc_column_text el_class=\u00a0\u00bbwhite\u00a0\u00bb css=\u00a0\u00bb.vc_custom_1494577314577{padding-top: 15px !important;padding-right: 15px !important;padding-bottom: 15px !important;padding-left: 15px !important;}\u00a0\u00bb]<\/p>\n<p style=\"text-align: left;\"><strong>Depuis des dizaines d\u2019ann\u00e9es, Schaffer Holz produit des sciages avec le plus grand soin et avec une comp\u00e9tence d\u2019expert. Nous transformons l&rsquo;\u00e9pic\u00e9a, le m\u00e9l\u00e8ze ainsi que le sapin.<\/strong><br \/>\n<strong>Notre sp\u00e9cialit\u00e9, des produits avec des cernes d\u2019accroissements serr\u00e9s, tr\u00e8s appr\u00e9ci\u00e9s pour la production de carrelets des fen\u00eatres ainsi que par les fabricants d\u2019instruments de musique.<\/strong><\/p>\n<p>[\/vc_column_text][vc_empty_space height=\u00a0\u00bb13px\u00a0\u00bb]<a  itemprop=\"url\" href=\"https:\/\/www.schafferholz.com\/fr\/produits\/\" target=\"_self\" data-hover-background-color=#999999 data-hover-border-color=#999999 data-hover-color=#ffffff class=\"qbutton  medium center default\" style=\"color: #ffffff; background-color: #76030e;\"> Lire la suite<\/a>[vc_empty_space height=\u00a0\u00bb39px\u00a0\u00bb][\/vc_column][\/vc_row][vc_row css_animation=\u00a0\u00bb\u00a0\u00bb row_type=\u00a0\u00bbrow\u00a0\u00bb use_row_as_full_screen_section=\u00a0\u00bbno\u00a0\u00bb type=\u00a0\u00bbfull_width\u00a0\u00bb angled_section=\u00a0\u00bbno\u00a0\u00bb text_align=\u00a0\u00bbleft\u00a0\u00bb background_image_as_pattern=\u00a0\u00bbwithout_pattern\u00a0\u00bb][vc_column][vc_empty_space height=\u00a0\u00bb200px\u00a0\u00bb][\/vc_column][\/vc_row][vc_row css_animation=\u00a0\u00bb\u00a0\u00bb row_type=\u00a0\u00bbrow\u00a0\u00bb use_row_as_full_screen_section=\u00a0\u00bbno\u00a0\u00bb type=\u00a0\u00bbgrid\u00a0\u00bb anchor=\u00a0\u00bbprodukte\u00a0\u00bb angled_section=\u00a0\u00bbno\u00a0\u00bb text_align=\u00a0\u00bbcenter\u00a0\u00bb background_image=\u00a0\u00bb796&Prime; background_image_as_pattern=\u00a0\u00bbwithout_pattern\u00a0\u00bb][vc_column css=\u00a0\u00bb.vc_custom_1485339548904{background-color: rgba(63,40,35,0.66) !important;*background-color: rgb(63,40,35) !important;}\u00a0\u00bb el_class=\u00a0\u00bbhome_height\u00a0\u00bb]<span data-type=\"normal\" data-hover-icon-color=\"#76020e\" class=\"qode_icon_shortcode  q_font_awsome_icon fa-3x  q_icon_animation\" style=\" transition-delay: 0.2ms; -webkit-transition-delay: 0.2ms; -moz-transition-delay: 0.2ms; -o-transition-delay: 0.2ms;\"><i class=\"qode_icon_font_awesome fa fa-dot-circle-o qode_icon_element\" style=\"color: #ffffff;\" ><\/i><\/span>[vc_column_text el_class=\u00a0\u00bbwhite-home\u00a0\u00bb]<\/p>\n<h2 style=\"text-align: center;\">Les mati\u00e8res premi\u00e8res<\/h2>\n<p>[\/vc_column_text][vc_empty_space height=\u00a0\u00bb13px\u00a0\u00bb][vc_column_text el_class=\u00a0\u00bbwhite\u00a0\u00bb css=\u00a0\u00bb.vc_custom_1494577384968{padding-top: 15px !important;padding-right: 15px !important;padding-bottom: 15px !important;padding-left: 15px !important;}\u00a0\u00bb]<\/p>\n<p style=\"text-align: left;\"><strong>Depuis de nombreuses d\u00e9cennies, Schaffer Holz est un partenaire fiable et reconnu dans le secteur de l&rsquo;exploitation foresti\u00e8re et la transformation des bois. Nous recherchons des relations fiables et \u00e0 long terme. Nous accordons une grande importance \u00e0 la durabilit\u00e9 de la ressource ainsi que sa meilleure valorisation.<\/strong><br \/>\n<strong>Sur votre demande, nous serrons heureux de nous charger au mieux de la commercialisation de vos lots de grumes et sommes en mesure d\u2019organiser pour vous l\u2019exploitation et le transport des grumes vers notre scierie ou toute autre entreprise.<\/strong><\/p>\n<p>[\/vc_column_text][vc_empty_space height=\u00a0\u00bb13px\u00a0\u00bb]<a  itemprop=\"url\" href=\"https:\/\/www.schafferholz.com\/fr\/matieres-premieres\/\" target=\"_self\" data-hover-background-color=#999999 data-hover-border-color=#999999 data-hover-color=#ffffff class=\"qbutton  medium center default\" style=\"color: #ffffff; background-color: #76030e;\"> Lire la suite<\/a>[vc_empty_space height=\u00a0\u00bb39px\u00a0\u00bb][\/vc_column][\/vc_row][vc_row css_animation=\u00a0\u00bb\u00a0\u00bb row_type=\u00a0\u00bbrow\u00a0\u00bb use_row_as_full_screen_section=\u00a0\u00bbno\u00a0\u00bb type=\u00a0\u00bbfull_width\u00a0\u00bb angled_section=\u00a0\u00bbno\u00a0\u00bb text_align=\u00a0\u00bbleft\u00a0\u00bb background_image_as_pattern=\u00a0\u00bbwithout_pattern\u00a0\u00bb][vc_column][vc_empty_space height=\u00a0\u00bb200px\u00a0\u00bb][\/vc_column][\/vc_row]<\/p>\n","protected":false},"excerpt":{"rendered":"<p>[vc_row css_animation=\u00a0\u00bb\u00a0\u00bb row_type=\u00a0\u00bbrow\u00a0\u00bb use_row_as_full_screen_section=\u00a0\u00bbno\u00a0\u00bb type=\u00a0\u00bbgrid\u00a0\u00bb anchor=\u00a0\u00bbintro\u00a0\u00bb angled_section=\u00a0\u00bbno\u00a0\u00bb text_align=\u00a0\u00bbcenter\u00a0\u00bb background_image=\u00a0\u00bb798&Prime; background_image_as_pattern=\u00a0\u00bbwithout_pattern\u00a0\u00bb][vc_column el_class=\u00a0\u00bbhome_height first_home\u00a0\u00bb][qode_elements_holder number_of_columns=\u00a0\u00bbone_column\u00a0\u00bb][qode_elements_holder_item item_padding=\u00a0\u00bb7% 0 0 0&Prime; vertical_alignment=\u00a0\u00bbmiddle\u00a0\u00bb advanced_animations=\u00a0\u00bbno\u00a0\u00bb item_padding_768_1024=\u00a0\u00bb38% 0 30% 0&Prime; item_padding_600_768=\u00a0\u00bb38% 0 30% 0&Prime; item_padding_480_600=\u00a0\u00bb38% 0 30% 0&Prime; item_padding_480=\u00a0\u00bb38% 0 30% 0&Prime;][vc_empty_space height=\u00a0\u00bb62px\u00a0\u00bb][vc_column_text] SCHAFFERHOLZ [\/vc_column_text][vc_empty_space][vc_column_text] Le meilleur de chaque grume [\/vc_column_text][\/qode_elements_holder_item][\/qode_elements_holder][\/vc_column][\/vc_row][vc_row css_animation=\u00a0\u00bb\u00a0\u00bb&#8230;<\/p>\n","protected":false},"author":2,"featured_media":0,"parent":0,"menu_order":0,"comment_status":"closed","ping_status":"closed","template":"","meta":{"footnotes":""},"class_list":["post-1035","page","type-page","status-publish","hentry"],"_links":{"self":[{"href":"https:\/\/www.schafferholz.com\/fr\/wp-json\/wp\/v2\/pages\/1035","targetHints":{"allow":["GET"]}}],"collection":[{"href":"https:\/\/www.schafferholz.com\/fr\/wp-json\/wp\/v2\/pages"}],"about":[{"href":"https:\/\/www.schafferholz.com\/fr\/wp-json\/wp\/v2\/types\/page"}],"author":[{"embeddable":true,"href":"https:\/\/www.schafferholz.com\/fr\/wp-json\/wp\/v2\/users\/2"}],"replies":[{"embeddable":true,"href":"https:\/\/www.schafferholz.com\/fr\/wp-json\/wp\/v2\/comments?post=1035"}],"version-history":[{"count":3,"href":"https:\/\/www.schafferholz.com\/fr\/wp-json\/wp\/v2\/pages\/1035\/revisions"}],"predecessor-version":[{"id":1213,"href":"https:\/\/www.schafferholz.com\/fr\/wp-json\/wp\/v2\/pages\/1035\/revisions\/1213"}],"wp:attachment":[{"href":"https:\/\/www.schafferholz.com\/fr\/wp-json\/wp\/v2\/media?parent=1035"}],"curies":[{"name":"wp","href":"https:\/\/api.w.org\/{rel}","templated":true}]}}