{"id":1024,"date":"2016-09-30T08:26:34","date_gmt":"2016-09-30T08:26:34","guid":{"rendered":"https:\/\/www.schafferholz.com\/unternehmen\/"},"modified":"2019-10-16T10:56:22","modified_gmt":"2019-10-16T10:56:22","slug":"lentreprise","status":"publish","type":"page","link":"https:\/\/www.schafferholz.com\/fr\/lentreprise\/","title":{"rendered":"L\u2019entreprise"},"content":{"rendered":"<p>[vc_row css_animation=\u00a0\u00bb\u00a0\u00bb row_type=\u00a0\u00bbrow\u00a0\u00bb use_row_as_full_screen_section=\u00a0\u00bbno\u00a0\u00bb type=\u00a0\u00bbgrid\u00a0\u00bb anchor=\u00a0\u00bbpr\u00e9sentation\u00a0\u00bb angled_section=\u00a0\u00bbno\u00a0\u00bb text_align=\u00a0\u00bbleft\u00a0\u00bb background_image=\u00a0\u00bb726&Prime; background_image_as_pattern=\u00a0\u00bbwithout_pattern\u00a0\u00bb][vc_column][vc_row_inner row_type=\u00a0\u00bbrow\u00a0\u00bb type=\u00a0\u00bbgrid\u00a0\u00bb text_align=\u00a0\u00bbleft\u00a0\u00bb css_animation=\u00a0\u00bb\u00a0\u00bb][vc_column_inner][vc_empty_space height=\u00a0\u00bb320px\u00a0\u00bb][vc_column_text el_class=\u00a0\u00bbwhite title_full_width\u00a0\u00bb]<\/p>\n<h2 style=\"text-align: center;\">Pr\u00e9sentation<\/h2>\n<h1><\/h1>\n<p>[\/vc_column_text][vc_empty_space height=\u00a0\u00bb75px\u00a0\u00bb][\/vc_column_inner][\/vc_row_inner][\/vc_column][\/vc_row][vc_row css_animation=\u00a0\u00bb\u00a0\u00bb row_type=\u00a0\u00bbrow\u00a0\u00bb use_row_as_full_screen_section=\u00a0\u00bbno\u00a0\u00bb type=\u00a0\u00bbgrid\u00a0\u00bb angled_section=\u00a0\u00bbno\u00a0\u00bb text_align=\u00a0\u00bbleft\u00a0\u00bb background_image_as_pattern=\u00a0\u00bbwithout_pattern\u00a0\u00bb][vc_column][vc_empty_space height=\u00a0\u00bb60px\u00a0\u00bb][vc_column_text]Nous sommes parmi les principales entreprises dans le l&rsquo;industrie du bois de Styrie. Nous sommes leader sur le march\u00e9 des lamelles de fen\u00eatre en Europe centrale et nous traitons sur notre site en Styrie seulement des gros bois d\u2019excellente qualit\u00e9. Schaffer Holz est l\u2019un des principaux transformateurs et distributeur de m\u00e9l\u00e8ze autrichien.<\/p>\n<p>Avec environ 60 employ\u00e9s, nous fournissons les grosses menuiseries sur le march\u00e9 domestique et \u00e0 l&rsquo;\u00e9tranger. Notre production moyenne de sciages est d&rsquo;environ 100.000 m3. La scierie est \u00e9quip\u00e9e d\u2019une scie alternative, d\u2019une scie \u00e0 ruban et des scies circulaires de reprise, de lignes de tri et de conditionnement automatis\u00e9s ainsi que de cellules de s\u00e9chage.[\/vc_column_text][vc_empty_space height=\u00a0\u00bb60px\u00a0\u00bb][\/vc_column][\/vc_row][vc_row css_animation=\u00a0\u00bb\u00a0\u00bb row_type=\u00a0\u00bbrow\u00a0\u00bb use_row_as_full_screen_section=\u00a0\u00bbno\u00a0\u00bb type=\u00a0\u00bbgrid\u00a0\u00bb anchor=\u00a0\u00bbcomp\u00e9tences\u00a0\u00bb angled_section=\u00a0\u00bbno\u00a0\u00bb text_align=\u00a0\u00bbleft\u00a0\u00bb background_image=\u00a0\u00bb723&Prime; background_image_as_pattern=\u00a0\u00bbwithout_pattern\u00a0\u00bb][vc_column][vc_row_inner row_type=\u00a0\u00bbrow\u00a0\u00bb type=\u00a0\u00bbgrid\u00a0\u00bb text_align=\u00a0\u00bbleft\u00a0\u00bb css_animation=\u00a0\u00bb\u00a0\u00bb][vc_column_inner][vc_empty_space height=\u00a0\u00bb320px\u00a0\u00bb][vc_column_text el_class=\u00a0\u00bbwhite title_full_width\u00a0\u00bb]<\/p>\n<h2 style=\"text-align: center;\">Comp\u00e9tences cl\u00e9s<\/h2>\n<p>[\/vc_column_text][vc_empty_space height=\u00a0\u00bb75px\u00a0\u00bb][\/vc_column_inner][\/vc_row_inner][\/vc_column][\/vc_row][vc_row css_animation=\u00a0\u00bb\u00a0\u00bb row_type=\u00a0\u00bbrow\u00a0\u00bb use_row_as_full_screen_section=\u00a0\u00bbno\u00a0\u00bb type=\u00a0\u00bbgrid\u00a0\u00bb angled_section=\u00a0\u00bbno\u00a0\u00bb text_align=\u00a0\u00bbleft\u00a0\u00bb background_image_as_pattern=\u00a0\u00bbwithout_pattern\u00a0\u00bb][vc_column][vc_empty_space height=\u00a0\u00bb60px\u00a0\u00bb][vc_row_inner row_type=\u00a0\u00bbrow\u00a0\u00bb type=\u00a0\u00bbfull_width\u00a0\u00bb text_align=\u00a0\u00bbleft\u00a0\u00bb css_animation=\u00a0\u00bb\u00a0\u00bb][vc_column_inner][vc_text_separator title=\u00a0\u00bbSciage de gros bois\u00a0\u00bb title_align=\u00a0\u00bbseparator_align_left\u00a0\u00bb border=\u00a0\u00bbno\u00a0\u00bb][vc_empty_space height=\u00a0\u00bb60px\u00a0\u00bb][vc_column_text]Le bois de Styrie est connu comme \u00e9tant l\u2019un des meilleurs sur le march\u00e9 international. Les arbres, principalement coup\u00e9s en hiver, poussent sur le massif alpin prot\u00e9g\u00e9 de haute Styrie. Grace aux conditions climatiques rigoureuses, le bois cro\u00eet lentement, lui garantissant ainsi une structure tr\u00e8s fine et de grande qualit\u00e9.[\/vc_column_text][vc_empty_space height=\u00a0\u00bb16px\u00a0\u00bb][vc_column_text]La soci\u00e9t\u00e9 Schaffer Holz est reconnue comme sp\u00e9cialiste de sciages de grumes de gros diam\u00e8tres. Gr\u00e2ce \u00e0 la technologie de la scie \u00e0 ruban, tr\u00e8s pr\u00e9cise et d\u2019une grande flexibilit\u00e9, il est possible de produire les meilleurs sciages \u00e0 partir de grosses grumes, jusqu\u2019\u00e0 120 cm de diam\u00e8tre.[\/vc_column_text][vc_empty_space height=\u00a0\u00bb60px\u00a0\u00bb][vc_text_separator title=\u00a0\u00bbSciage sur quartier \u00a0\u00bb title_align=\u00a0\u00bbseparator_align_left\u00a0\u00bb border=\u00a0\u00bbno\u00a0\u00bb][vc_empty_space height=\u00a0\u00bb60px\u00a0\u00bb][vc_column_text]On d\u00e9signe par sciage sur quartier, un sciage radial o\u00f9 les cernes annuelles sont le plus perpendiculaire possible \u00e0 la largeur de la planche. Avec le sciage sur quartier, la stabilit\u00e9 du bois est nettement am\u00e9lior\u00e9e et les variations dimensionnelles limit\u00e9es.[\/vc_column_text][vc_empty_space height=\u00a0\u00bb16px\u00a0\u00bb][vc_column_text]Schaffer Holz est le sp\u00e9cialiste du sciage de grumes de diam\u00e8tres fin bout sup\u00e9rieur \u00e0 50 cm pour l\u2019\u00e9pic\u00e9a et 36 cm pour le m\u00e9l\u00e8ze. De nombreux produits hors-c\u0153ur et grain vertical sont d\u00e9bit\u00e9s \u00e0 partir de ces grumes. Ces bois sont plus stables et ont une meilleure r\u00e9sistance.[\/vc_column_text][vc_empty_space height=\u00a0\u00bb60px\u00a0\u00bb][vc_text_separator title=\u00a0\u00bbM\u00e9l\u00e8ze autrichien \u00a0\u00bb title_align=\u00a0\u00bbseparator_align_left\u00a0\u00bb border=\u00a0\u00bbno\u00a0\u00bb][vc_empty_space height=\u00a0\u00bb60px\u00a0\u00bb][vc_column_text]Le m\u00e9l\u00e8ze est extr\u00eamement r\u00e9sistant et dispose de bonnes caract\u00e9ristiques m\u00e9caniques. C\u2019est pourquoi il convient particuli\u00e8rement bien aux applications en ext\u00e9rieur. Le m\u00e9l\u00e8ze lamell\u00e9-coll\u00e9 est par exemple utilis\u00e9 dans la construction de ponts.[\/vc_column_text][vc_empty_space height=\u00a0\u00bb16px\u00a0\u00bb][vc_column_text]Schaffer Holz fait partie des plus gros transformateurs et distributeurs de m\u00e9l\u00e8ze autrichien. Seules les grosses grumes de m\u00e9l\u00e8ze issues des massifs de la Styrie et \u00e0 croissance parfaite sont coup\u00e9es. Le m\u00e9l\u00e8ze de Schaffer Holz est tr\u00e8s appr\u00e9ci\u00e9 sur les march\u00e9s \u00e0 l\u2019exportation: Italie, Allemagne, Suisse, Pays-Bas, France, Slov\u00e9nie, Slovaquie, Espagne et bien s\u00fbr en Autriche.[\/vc_column_text][vc_empty_space][\/vc_column_inner][\/vc_row_inner][\/vc_column][\/vc_row][vc_row css_animation=\u00a0\u00bb\u00a0\u00bb row_type=\u00a0\u00bbrow\u00a0\u00bb use_row_as_full_screen_section=\u00a0\u00bbno\u00a0\u00bb type=\u00a0\u00bbgrid\u00a0\u00bb anchor=\u00a0\u00bbtravailler\u00a0\u00bb angled_section=\u00a0\u00bbno\u00a0\u00bb text_align=\u00a0\u00bbleft\u00a0\u00bb background_image=\u00a0\u00bb724&Prime; background_image_as_pattern=\u00a0\u00bbwithout_pattern\u00a0\u00bb][vc_column][vc_row_inner row_type=\u00a0\u00bbrow\u00a0\u00bb type=\u00a0\u00bbgrid\u00a0\u00bb text_align=\u00a0\u00bbleft\u00a0\u00bb css_animation=\u00a0\u00bb\u00a0\u00bb][vc_column_inner][vc_empty_space height=\u00a0\u00bb320px\u00a0\u00bb][vc_column_text el_class=\u00a0\u00bbwhite title_full_width\u00a0\u00bb]<\/p>\n<h2 style=\"text-align: center;\">Travailler chez Schaffer Holz<\/h2>\n<p>[\/vc_column_text][vc_empty_space height=\u00a0\u00bb75px\u00a0\u00bb][\/vc_column_inner][\/vc_row_inner][\/vc_column][\/vc_row][vc_row css_animation=\u00a0\u00bb\u00a0\u00bb row_type=\u00a0\u00bbrow\u00a0\u00bb use_row_as_full_screen_section=\u00a0\u00bbno\u00a0\u00bb type=\u00a0\u00bbgrid\u00a0\u00bb angled_section=\u00a0\u00bbno\u00a0\u00bb text_align=\u00a0\u00bbleft\u00a0\u00bb background_image_as_pattern=\u00a0\u00bbwithout_pattern\u00a0\u00bb][vc_column][vc_empty_space height=\u00a0\u00bb60px\u00a0\u00bb][vc_column_text]Les collaborateurs sont \u00able pilier\u00bb d\u2019une entreprise. Nous sommes conscients que chaque soci\u00e9t\u00e9 repose sur l\u2019engagement de son personnel. Pour cette raison, nous n\u2019employons que des sp\u00e9cialistes qui savent travailler avec notre mati\u00e8re premi\u00e8re pr\u00e9cieuse: le bois.<\/p>\n<p>Si vous aimez travailler avec le bois, appr\u00e9ciez les valeurs traditionnelles d&rsquo;une entreprise familiale et aimez travailler en \u00e9quipe, envoyez votre candidature \u00e0:[\/vc_column_text][vc_empty_space height=\u00a0\u00bb60px\u00a0\u00bb][vc_row_inner row_type=\u00a0\u00bbrow\u00a0\u00bb type=\u00a0\u00bbfull_width\u00a0\u00bb text_align=\u00a0\u00bbleft\u00a0\u00bb css_animation=\u00a0\u00bb\u00a0\u00bb][vc_column_inner width=\u00a0\u00bb1\/2&Prime;][vc_column_text]FRAU HEIDI STURMER<\/p>\n<p><a href=\"mailto:heidi.sturmer@schafferholz.com\">heidi.sturmer@schafferholz.com<\/a><\/p>\n<p>[\/vc_column_text][\/vc_column_inner]<\/p>\n<p>[vc_empty_space height=\u00a0\u00bb60px\u00a0\u00bb][vc_row_inner row_type=\u00a0\u00bbrow\u00a0\u00bb type=\u00a0\u00bbfull_width\u00a0\u00bb text_align=\u00a0\u00bbleft\u00a0\u00bb css_animation=\u00a0\u00bb\u00a0\u00bb][vc_column_inner width=\u00a0\u00bb1\/2&Prime;][vc_column_text]HERR DI (FH) LAMBERT SATTLER<\/p>\n<p><a href=\"mailto:lambert.sattler@schafferholz.com\">lambert.sattler@schafferholz.com<\/a>[\/vc_column_text][\/vc_column_inner]<\/p>\n<p>[vc_column_inner width=\u00a0\u00bb1\/2&Prime;][\/vc_column_inner][\/vc_row_inner][vc_empty_space height=\u00a0\u00bb60px\u00a0\u00bb][vc_row_inner row_type=\u00a0\u00bbrow\u00a0\u00bb type=\u00a0\u00bbfull_width\u00a0\u00bb text_align=\u00a0\u00bbcenter\u00a0\u00bb background_color=\u00a0\u00bb#eaeaea\u00a0\u00bb css_animation=\u00a0\u00bb\u00a0\u00bb][vc_column_inner width=\u00a0\u00bb1\/2&Prime;][vc_empty_space height=\u00a0\u00bb60px\u00a0\u00bb][vc_column_text]<span style=\"color: #000000;\">Du hast Interesse an einer Lehre als HolztechnikerIn?<\/span>[\/vc_column_text][\/vc_column_inner][vc_column_inner width=\u00a0\u00bb1\/2&Prime;][vc_empty_space height=\u00a0\u00bb40px\u00a0\u00bb]\r\n\r\n\t<a href=\"https:\/\/www.schafferholz.com\/wp-content\/uploads\/2019\/10\/Karriere-mit-Lehre.pdf\" target=\"_blank\" style=\"color: #ffffff;background-color: #76030e;font-size: 16px;font-weight: 400\" class=\"qode-btn qode-btn-medium qode-btn-solid qode-btn-custom-hover-bg qode-btn-custom-hover-color qode-btn-icon qode-btn-default-hover\" data-hover-bg-color=\"#b7b7b7\" data-hover-color=\"#ffffff\" >\r\n\t    <span class=\"qode-btn-text\">Karriere mit Lehre<\/span><span class=\"qode-button-v2-icon-holder\" style=\"border-color: #76030e\" data-hover-icon-border-color=\"#b7b7b7\"><i class=\"qode_icon_font_awesome fa fa-file-pdf-o qode-button-v2-icon-holder-inner\" ><\/i><\/span>\t<\/a>\r\n\r\n[vc_empty_space height=\u00a0\u00bb40px\u00a0\u00bb][\/vc_column_inner][\/vc_row_inner][vc_empty_space height=\u00a0\u00bb60px\u00a0\u00bb][\/vc_column][\/vc_row][vc_row css_animation=\u00a0\u00bb\u00a0\u00bb row_type=\u00a0\u00bbrow\u00a0\u00bb use_row_as_full_screen_section=\u00a0\u00bbno\u00a0\u00bb type=\u00a0\u00bbgrid\u00a0\u00bb anchor=\u00a0\u00bbhistorique\u00a0\u00bb angled_section=\u00a0\u00bbno\u00a0\u00bb text_align=\u00a0\u00bbleft\u00a0\u00bb background_image=\u00a0\u00bb742&Prime; background_image_as_pattern=\u00a0\u00bbwithout_pattern\u00a0\u00bb][vc_column][vc_row_inner row_type=\u00a0\u00bbrow\u00a0\u00bb type=\u00a0\u00bbgrid\u00a0\u00bb text_align=\u00a0\u00bbleft\u00a0\u00bb css_animation=\u00a0\u00bb\u00a0\u00bb][vc_column_inner][vc_empty_space height=\u00a0\u00bb320px\u00a0\u00bb][vc_column_text el_class=\u00a0\u00bbwhite title_full_width\u00a0\u00bb]<\/p>\n<h2 style=\"text-align: center;\">Historique<\/h2>\n<p>[\/vc_column_text][vc_empty_space height=\u00a0\u00bb75px\u00a0\u00bb][\/vc_column_inner][\/vc_row_inner][\/vc_column][\/vc_row][vc_row css_animation=\u00a0\u00bb\u00a0\u00bb row_type=\u00a0\u00bbrow\u00a0\u00bb use_row_as_full_screen_section=\u00a0\u00bbno\u00a0\u00bb type=\u00a0\u00bbgrid\u00a0\u00bb angled_section=\u00a0\u00bbno\u00a0\u00bb text_align=\u00a0\u00bbleft\u00a0\u00bb background_image_as_pattern=\u00a0\u00bbwithout_pattern\u00a0\u00bb][vc_column][vc_empty_space height=\u00a0\u00bb60px\u00a0\u00bb][vc_row_inner row_type=\u00a0\u00bbrow\u00a0\u00bb type=\u00a0\u00bbfull_width\u00a0\u00bb text_align=\u00a0\u00bbleft\u00a0\u00bb css_animation=\u00a0\u00bb\u00a0\u00bb][vc_column_inner][vc_text_separator title=\u00a0\u00bb1914&Prime; title_align=\u00a0\u00bbseparator_align_left\u00a0\u00bb border=\u00a0\u00bbno\u00a0\u00bb][vc_empty_space height=\u00a0\u00bb60px\u00a0\u00bb][vc_column_text]<strong>En 1914<\/strong>, le cafetier-restaurateur Franz Schaffer a fond\u00e9 la scierie \u00e0 Eppenstein. Au d\u00e9but, la scierie ne produisait que 2.000 m3 de bois par an. La scierie survit aux deux guerres mondiales et crises successives.[\/vc_column_text][vc_empty_space height=\u00a0\u00bb60px\u00a0\u00bb][vc_text_separator title=\u00a0\u00bb1950&Prime; title_align=\u00a0\u00bbseparator_align_left\u00a0\u00bb border=\u00a0\u00bbno\u00a0\u00bb][vc_empty_space height=\u00a0\u00bb60px\u00a0\u00bb][vc_column_text]<strong>En 1950<\/strong>, le fils de Franz Schaffer, Gotthard reprend la scierie et la d\u00e9veloppe. Pendant les ann\u00e9es 70, l\u2019usine comptait d\u00e9j\u00e0 18 employ\u00e9s ainsi qu\u2019une trentaine d\u2019exploitant forestier. Depuis sa cr\u00e9ation, l\u2019entreprise transforme dix fois plus de bois.[\/vc_column_text][vc_empty_space height=\u00a0\u00bb60px\u00a0\u00bb][vc_text_separator title=\u00a0\u00bb1986&Prime; title_align=\u00a0\u00bbseparator_align_left\u00a0\u00bb border=\u00a0\u00bbno\u00a0\u00bb][vc_empty_space height=\u00a0\u00bb60px\u00a0\u00bb][vc_column_text]<strong>En 1986<\/strong> Gotthard Schaffer fait un pas important pour assurer l\u2019avenir de l\u2019entreprise en d\u00e9cidant la sp\u00e9cialisation de l\u2019entreprise dans la transformation de gros bois. [\/vc_column_text][vc_empty_space height=\u00a0\u00bb60px\u00a0\u00bb][vc_text_separator title=\u00a0\u00bb2015&Prime; title_align=\u00a0\u00bbseparator_align_left\u00a0\u00bb border=\u00a0\u00bbno\u00a0\u00bb][vc_empty_space height=\u00a0\u00bb60px\u00a0\u00bb][vc_column_text]<strong>En 2015<\/strong> l\u2019entreprise de Johann Schaffer a \u00e9t\u00e9 transmise \u00e0 la quatri\u00e8me g\u00e9n\u00e9ration. Ses enfants d\u00e9veloppent l&rsquo;entreprise dans le m\u00eame esprit.[\/vc_column_text][vc_empty_space height=\u00a0\u00bb60px\u00a0\u00bb][\/vc_column_inner][\/vc_row_inner][vc_empty_space][\/vc_column][\/vc_row][vc_row css_animation=\u00a0\u00bb\u00a0\u00bb row_type=\u00a0\u00bbrow\u00a0\u00bb use_row_as_full_screen_section=\u00a0\u00bbno\u00a0\u00bb type=\u00a0\u00bbfull_width\u00a0\u00bb angled_section=\u00a0\u00bbno\u00a0\u00bb text_align=\u00a0\u00bbcenter\u00a0\u00bb background_image_as_pattern=\u00a0\u00bbwithout_pattern\u00a0\u00bb][vc_column]<div id=\"ult-carousel-28745370469dfca908ff89\" class=\"ult-carousel-wrapper   ult_horizontal\" data-gutter=\"2\" data-rtl=\"false\" ><div class=\"ult-carousel-40244491169dfca908fecd \" >[vc_single_image image=\u00a0\u00bb912&Prime; img_size=\u00a0\u00bbfull\u00a0\u00bb alignment=\u00a0\u00bbcenter\u00a0\u00bb qode_css_animation=\u00a0\u00bb\u00a0\u00bb][vc_single_image image=\u00a0\u00bb911&Prime; img_size=\u00a0\u00bbfull\u00a0\u00bb alignment=\u00a0\u00bbcenter\u00a0\u00bb qode_css_animation=\u00a0\u00bb\u00a0\u00bb][vc_single_image image=\u00a0\u00bb910&Prime; img_size=\u00a0\u00bbfull\u00a0\u00bb alignment=\u00a0\u00bbcenter\u00a0\u00bb qode_css_animation=\u00a0\u00bb\u00a0\u00bb][vc_single_image image=\u00a0\u00bb909&Prime; img_size=\u00a0\u00bbfull\u00a0\u00bb alignment=\u00a0\u00bbcenter\u00a0\u00bb qode_css_animation=\u00a0\u00bb\u00a0\u00bb][vc_single_image image=\u00a0\u00bb908&Prime; img_size=\u00a0\u00bbfull\u00a0\u00bb alignment=\u00a0\u00bbcenter\u00a0\u00bb qode_css_animation=\u00a0\u00bb\u00a0\u00bb][vc_single_image image=\u00a0\u00bb907&Prime; img_size=\u00a0\u00bbfull\u00a0\u00bb alignment=\u00a0\u00bbcenter\u00a0\u00bb qode_css_animation=\u00a0\u00bb\u00a0\u00bb][vc_single_image image=\u00a0\u00bb906&Prime; img_size=\u00a0\u00bbfull\u00a0\u00bb alignment=\u00a0\u00bbcenter\u00a0\u00bb qode_css_animation=\u00a0\u00bb\u00a0\u00bb][vc_single_image image=\u00a0\u00bb905&Prime; img_size=\u00a0\u00bbfull\u00a0\u00bb alignment=\u00a0\u00bbcenter\u00a0\u00bb qode_css_animation=\u00a0\u00bb\u00a0\u00bb][vc_single_image image=\u00a0\u00bb904&Prime; img_size=\u00a0\u00bbfull\u00a0\u00bb alignment=\u00a0\u00bbcenter\u00a0\u00bb qode_css_animation=\u00a0\u00bb\u00a0\u00bb][vc_single_image image=\u00a0\u00bb903&Prime; img_size=\u00a0\u00bbfull\u00a0\u00bb alignment=\u00a0\u00bbcenter\u00a0\u00bb qode_css_animation=\u00a0\u00bb\u00a0\u00bb][vc_single_image image=\u00a0\u00bb902&Prime; img_size=\u00a0\u00bbfull\u00a0\u00bb alignment=\u00a0\u00bbcenter\u00a0\u00bb qode_css_animation=\u00a0\u00bb\u00a0\u00bb][vc_single_image image=\u00a0\u00bb901&Prime; img_size=\u00a0\u00bbfull\u00a0\u00bb alignment=\u00a0\u00bbcenter\u00a0\u00bb qode_css_animation=\u00a0\u00bb\u00a0\u00bb]<\/div><\/div>            <script type=\"text\/javascript\">\r\n\t\t\t\tjQuery(document).ready(function($){\r\n               \t\t$('.ult-carousel-40244491169dfca908fecd').slick({dots: true,autoplay: true,autoplaySpeed: 1500,speed: 500,infinite: true,arrows: false,slidesToScroll:1,slidesToShow:2,swipe: true,draggable: true,touchMove: true,adaptiveHeight: true,responsive: [\r\n\t\t\t\t\t\t\t{\r\n\t\t\t\t\t\t\t  breakpoint: 1025,\r\n\t\t\t\t\t\t\t  settings: {\r\n\t\t\t\t\t\t\t\tslidesToShow: 2,\r\n\t\t\t\t\t\t\t\tslidesToScroll: 1,  \r\n\t\t\t\t\t\t\t  }\r\n\t\t\t\t\t\t\t},\r\n\t\t\t\t\t\t\t{\r\n\t\t\t\t\t\t\t  breakpoint: 769,\r\n\t\t\t\t\t\t\t  settings: {\r\n\t\t\t\t\t\t\t\tslidesToShow: 2,\r\n\t\t\t\t\t\t\t\tslidesToScroll: 2\r\n\t\t\t\t\t\t\t  }\r\n\t\t\t\t\t\t\t},\r\n\t\t\t\t\t\t\t{\r\n\t\t\t\t\t\t\t  breakpoint: 481,\r\n\t\t\t\t\t\t\t  settings: {\r\n\t\t\t\t\t\t\t\tslidesToShow: 1,\r\n\t\t\t\t\t\t\t\tslidesToScroll: 1\r\n\t\t\t\t\t\t\t  }\r\n\t\t\t\t\t\t\t}\r\n\t\t\t\t\t\t],pauseOnHover: true,\r\n\t\t\t\t\t\tpauseOnDotsHover: true,customPaging: function(slider, i) {\r\n                   return '<i type=\"button\" style=\"color:#636363;\" class=\"ultsl-record\" data-role=\"none\"><\/i>';\r\n                },});\r\n\t\t\t\t});\r\n\t\t\t<\/script>\r\n            [vc_empty_space][\/vc_column][\/vc_row]<\/p>\n","protected":false},"excerpt":{"rendered":"<p>[vc_row css_animation=\u00a0\u00bb\u00a0\u00bb row_type=\u00a0\u00bbrow\u00a0\u00bb use_row_as_full_screen_section=\u00a0\u00bbno\u00a0\u00bb type=\u00a0\u00bbgrid\u00a0\u00bb anchor=\u00a0\u00bbpr\u00e9sentation\u00a0\u00bb angled_section=\u00a0\u00bbno\u00a0\u00bb text_align=\u00a0\u00bbleft\u00a0\u00bb background_image=\u00a0\u00bb726&Prime; background_image_as_pattern=\u00a0\u00bbwithout_pattern\u00a0\u00bb][vc_column][vc_row_inner row_type=\u00a0\u00bbrow\u00a0\u00bb type=\u00a0\u00bbgrid\u00a0\u00bb text_align=\u00a0\u00bbleft\u00a0\u00bb css_animation=\u00a0\u00bb\u00a0\u00bb][vc_column_inner][vc_empty_space height=\u00a0\u00bb320px\u00a0\u00bb][vc_column_text el_class=\u00a0\u00bbwhite title_full_width\u00a0\u00bb] Pr\u00e9sentation [\/vc_column_text][vc_empty_space height=\u00a0\u00bb75px\u00a0\u00bb][\/vc_column_inner][\/vc_row_inner][\/vc_column][\/vc_row][vc_row css_animation=\u00a0\u00bb\u00a0\u00bb row_type=\u00a0\u00bbrow\u00a0\u00bb use_row_as_full_screen_section=\u00a0\u00bbno\u00a0\u00bb type=\u00a0\u00bbgrid\u00a0\u00bb angled_section=\u00a0\u00bbno\u00a0\u00bb text_align=\u00a0\u00bbleft\u00a0\u00bb background_image_as_pattern=\u00a0\u00bbwithout_pattern\u00a0\u00bb][vc_column][vc_empty_space height=\u00a0\u00bb60px\u00a0\u00bb][vc_column_text]Nous sommes parmi les principales entreprises dans le l&rsquo;industrie du bois de Styrie. Nous sommes leader sur le&#8230;<\/p>\n","protected":false},"author":2,"featured_media":0,"parent":0,"menu_order":0,"comment_status":"closed","ping_status":"closed","template":"","meta":{"footnotes":""},"class_list":["post-1024","page","type-page","status-publish","hentry"],"_links":{"self":[{"href":"https:\/\/www.schafferholz.com\/fr\/wp-json\/wp\/v2\/pages\/1024","targetHints":{"allow":["GET"]}}],"collection":[{"href":"https:\/\/www.schafferholz.com\/fr\/wp-json\/wp\/v2\/pages"}],"about":[{"href":"https:\/\/www.schafferholz.com\/fr\/wp-json\/wp\/v2\/types\/page"}],"author":[{"embeddable":true,"href":"https:\/\/www.schafferholz.com\/fr\/wp-json\/wp\/v2\/users\/2"}],"replies":[{"embeddable":true,"href":"https:\/\/www.schafferholz.com\/fr\/wp-json\/wp\/v2\/comments?post=1024"}],"version-history":[{"count":6,"href":"https:\/\/www.schafferholz.com\/fr\/wp-json\/wp\/v2\/pages\/1024\/revisions"}],"predecessor-version":[{"id":1349,"href":"https:\/\/www.schafferholz.com\/fr\/wp-json\/wp\/v2\/pages\/1024\/revisions\/1349"}],"wp:attachment":[{"href":"https:\/\/www.schafferholz.com\/fr\/wp-json\/wp\/v2\/media?parent=1024"}],"curies":[{"name":"wp","href":"https:\/\/api.w.org\/{rel}","templated":true}]}}