{"id":1010,"date":"2016-11-18T08:44:19","date_gmt":"2016-11-18T08:44:19","guid":{"rendered":"https:\/\/www.schafferholz.com\/oehhu\/"},"modified":"2017-04-24T07:48:51","modified_gmt":"2017-04-24T07:48:51","slug":"oehhu","status":"publish","type":"page","link":"https:\/\/www.schafferholz.com\/fr\/oehhu\/","title":{"rendered":"\u00d6HHU"},"content":{"rendered":"<p>[vc_row css_animation=\u00a0\u00bb\u00a0\u00bb row_type=\u00a0\u00bbrow\u00a0\u00bb use_row_as_full_screen_section=\u00a0\u00bbno\u00a0\u00bb type=\u00a0\u00bbfull_width\u00a0\u00bb angled_section=\u00a0\u00bbno\u00a0\u00bb text_align=\u00a0\u00bbleft\u00a0\u00bb background_image=\u00a0\u00bb797&Prime; background_image_as_pattern=\u00a0\u00bbwithout_pattern\u00a0\u00bb][vc_column][vc_row_inner row_type=\u00a0\u00bbrow\u00a0\u00bb type=\u00a0\u00bbfull_width\u00a0\u00bb text_align=\u00a0\u00bbleft\u00a0\u00bb css_animation=\u00a0\u00bb\u00a0\u00bb][vc_column_inner][vc_empty_space height=\u00a0\u00bb320px\u00a0\u00bb][vc_column_text el_class=\u00a0\u00bbwhite title_full_width\u00a0\u00bb]<\/p>\n<h2 style=\"text-align: center;\">\u00d6HHU<\/h2>\n<p>[\/vc_column_text][vc_empty_space height=\u00a0\u00bb75px\u00a0\u00bb][\/vc_column_inner][\/vc_row_inner][\/vc_column][\/vc_row][vc_row css_animation=\u00a0\u00bb\u00a0\u00bb row_type=\u00a0\u00bbrow\u00a0\u00bb use_row_as_full_screen_section=\u00a0\u00bbno\u00a0\u00bb type=\u00a0\u00bbgrid\u00a0\u00bb angled_section=\u00a0\u00bbno\u00a0\u00bb text_align=\u00a0\u00bbleft\u00a0\u00bb background_image_as_pattern=\u00a0\u00bbwithout_pattern\u00a0\u00bb][vc_column][vc_empty_space height=\u00a0\u00bb64px\u00a0\u00bb][vc_column_text]<\/p>\n<h2><strong>\u00d6sterreichische Holzhandelsusancen<\/strong><\/h2>\n<p>Sofern nicht anders vereinbart, liegen unseren Auftr\u00e4gen \/ Schlussbriefen die \u00d6sterreichischen Holzhandelsusancen in der jeweils g\u00fcltigen Fassung zugrunde. F\u00fcr Streitf\u00e4lle ist ausschlie\u00dflich das Schiedsgericht der Wiener Warenb\u00f6rse zust\u00e4ndig.<\/p>\n<p>&nbsp;<\/p>\n<p>&nbsp;<\/p>\n<p>&nbsp;<\/p>\n<p>&nbsp;<\/p>\n<p><strong>SCHAFFER S\u00c4GEWERK-HOLZEXPORT GmbH<\/strong><br \/>\nHintersieding 12<br \/>\n8741 Eppenstein, Austria<br \/>\nTel.: +43 3577 82 29 5-0<br \/>\nFax: +43 3577 82 29 5-10<br \/>\n<a href=\"mailto:schaffer@schafferholz.com\">schaffer@schafferholz.com<\/a>[\/vc_column_text][vc_empty_space height=\u00a0\u00bb64px\u00a0\u00bb][\/vc_column][\/vc_row]<\/p>\n","protected":false},"excerpt":{"rendered":"<p>[vc_row css_animation=\u00a0\u00bb\u00a0\u00bb row_type=\u00a0\u00bbrow\u00a0\u00bb use_row_as_full_screen_section=\u00a0\u00bbno\u00a0\u00bb type=\u00a0\u00bbfull_width\u00a0\u00bb angled_section=\u00a0\u00bbno\u00a0\u00bb text_align=\u00a0\u00bbleft\u00a0\u00bb background_image=\u00a0\u00bb797&Prime; background_image_as_pattern=\u00a0\u00bbwithout_pattern\u00a0\u00bb][vc_column][vc_row_inner row_type=\u00a0\u00bbrow\u00a0\u00bb type=\u00a0\u00bbfull_width\u00a0\u00bb text_align=\u00a0\u00bbleft\u00a0\u00bb css_animation=\u00a0\u00bb\u00a0\u00bb][vc_column_inner][vc_empty_space height=\u00a0\u00bb320px\u00a0\u00bb][vc_column_text el_class=\u00a0\u00bbwhite title_full_width\u00a0\u00bb] \u00d6HHU [\/vc_column_text][vc_empty_space height=\u00a0\u00bb75px\u00a0\u00bb][\/vc_column_inner][\/vc_row_inner][\/vc_column][\/vc_row][vc_row css_animation=\u00a0\u00bb\u00a0\u00bb row_type=\u00a0\u00bbrow\u00a0\u00bb use_row_as_full_screen_section=\u00a0\u00bbno\u00a0\u00bb type=\u00a0\u00bbgrid\u00a0\u00bb angled_section=\u00a0\u00bbno\u00a0\u00bb text_align=\u00a0\u00bbleft\u00a0\u00bb background_image_as_pattern=\u00a0\u00bbwithout_pattern\u00a0\u00bb][vc_column][vc_empty_space height=\u00a0\u00bb64px\u00a0\u00bb][vc_column_text] \u00d6sterreichische Holzhandelsusancen Sofern nicht anders vereinbart, liegen unseren Auftr\u00e4gen \/ Schlussbriefen die \u00d6sterreichischen Holzhandelsusancen in der jeweils g\u00fcltigen&#8230;<\/p>\n","protected":false},"author":3,"featured_media":0,"parent":0,"menu_order":0,"comment_status":"closed","ping_status":"closed","template":"","meta":{"footnotes":""},"class_list":["post-1010","page","type-page","status-publish","hentry"],"_links":{"self":[{"href":"https:\/\/www.schafferholz.com\/fr\/wp-json\/wp\/v2\/pages\/1010","targetHints":{"allow":["GET"]}}],"collection":[{"href":"https:\/\/www.schafferholz.com\/fr\/wp-json\/wp\/v2\/pages"}],"about":[{"href":"https:\/\/www.schafferholz.com\/fr\/wp-json\/wp\/v2\/types\/page"}],"author":[{"embeddable":true,"href":"https:\/\/www.schafferholz.com\/fr\/wp-json\/wp\/v2\/users\/3"}],"replies":[{"embeddable":true,"href":"https:\/\/www.schafferholz.com\/fr\/wp-json\/wp\/v2\/comments?post=1010"}],"version-history":[{"count":1,"href":"https:\/\/www.schafferholz.com\/fr\/wp-json\/wp\/v2\/pages\/1010\/revisions"}],"predecessor-version":[{"id":1013,"href":"https:\/\/www.schafferholz.com\/fr\/wp-json\/wp\/v2\/pages\/1010\/revisions\/1013"}],"wp:attachment":[{"href":"https:\/\/www.schafferholz.com\/fr\/wp-json\/wp\/v2\/media?parent=1010"}],"curies":[{"name":"wp","href":"https:\/\/api.w.org\/{rel}","templated":true}]}}